{"id":53393,"date":"2016-02-01T00:00:00","date_gmt":"2016-01-31T23:00:00","guid":{"rendered":"https:\/\/mcx.sunlab.eu\/product\/zubehoercase-1200x800x300\/"},"modified":"2026-03-25T15:07:24","modified_gmt":"2026-03-25T14:07:24","slug":"zubehoercase-1200x800x300","status":"publish","type":"product","link":"https:\/\/megacase.com\/de\/produkt\/zubehoercase-1200x800x300\/","title":{"rendered":"Zubeh\u00f6rcase 1200x800x300"},"content":{"rendered":"<p>Zubeh\u00f6rtruhe mit den Innenma\u00dfen von 1200 x 800 x 300 mm BxTxH;<br \/>\n7mm Birkenmultiplex,<br \/>\n30 x 30mm Alukante,<br \/>\n2 Deckelscharnieren in Schale mittel<br \/>\n2 gefederte Butterfly-Verschl\u00fc\u00dfe,<br \/>\n4 Klappgriffe,<br \/>\nStahlkugelecken,<br \/>\nHergestellt in Deutschland<br \/>\nAu\u00dfenma\u00dfe: BxTxH 1245 x 845 x 345 mm<br \/>\nGewicht: 20,6 kg<\/p>\n","protected":false},"excerpt":{"rendered":"<p>Zubeh\u00f6rtruhe mit den Innenma\u00dfen von 1200 x 800 x 300 mm BxTxH; 7mm Birkenmultiplex, 30 x 30mm Alukante, 2 Deckelscharnieren<\/p>\n","protected":false},"featured_media":84917,"template":"","meta":{"_acf_changed":false},"product_brand":[],"product_cat":[13509],"product_tag":[],"class_list":{"0":"post-53393","1":"product","2":"type-product","3":"status-publish","4":"has-post-thumbnail","6":"product_cat-truhen-cases","8":"first","9":"instock","10":"taxable","11":"shipping-taxable","12":"purchasable","13":"product-type-simple"},"acf":[],"_links":{"self":[{"href":"https:\/\/megacase.com\/de\/wp-json\/wp\/v2\/product\/53393","targetHints":{"allow":["GET"]}}],"collection":[{"href":"https:\/\/megacase.com\/de\/wp-json\/wp\/v2\/product"}],"about":[{"href":"https:\/\/megacase.com\/de\/wp-json\/wp\/v2\/types\/product"}],"wp:featuredmedia":[{"embeddable":true,"href":"https:\/\/megacase.com\/de\/wp-json\/wp\/v2\/media\/84917"}],"wp:attachment":[{"href":"https:\/\/megacase.com\/de\/wp-json\/wp\/v2\/media?parent=53393"}],"wp:term":[{"taxonomy":"product_brand","embeddable":true,"href":"https:\/\/megacase.com\/de\/wp-json\/wp\/v2\/product_brand?post=53393"},{"taxonomy":"product_cat","embeddable":true,"href":"https:\/\/megacase.com\/de\/wp-json\/wp\/v2\/product_cat?post=53393"},{"taxonomy":"product_tag","embeddable":true,"href":"https:\/\/megacase.com\/de\/wp-json\/wp\/v2\/product_tag?post=53393"}],"curies":[{"name":"wp","href":"https:\/\/api.w.org\/{rel}","templated":true}]}}