{"id":53392,"date":"2016-02-01T00:00:00","date_gmt":"2016-01-31T23:00:00","guid":{"rendered":"https:\/\/mcx.sunlab.eu\/product\/keyboard-case-typ-iii-holz-rot-clavia-nord-2-88ha\/"},"modified":"2026-03-25T15:07:24","modified_gmt":"2026-03-25T14:07:24","slug":"keyboard-case-typ-iii-holz-rot-clavia-nord-2-88ha","status":"publish","type":"product","link":"https:\/\/megacase.com\/de\/produkt\/keyboard-case-typ-iii-holz-rot-clavia-nord-2-88ha\/","title":{"rendered":"Keyboard Case Typ III Holz &#8222;Rot&#8220; Clavia Nord 2 88HA"},"content":{"rendered":"<p>mit gepolstertem Zubeh\u00f6rfach f\u00fcr Boss FV-500-L 110mm breit, 289mm tief  und gepolsterem Zubeh\u00f6rfach f\u00fcr ein Clavia Nord Triple Pedal 272mm breit, 260mm tief  in Sonderfarbe Rot (Ral 3020)  mit 48mm Eckeinbaurollen (LT-3068) + Augesetzter Klappgriff  Butterflys mit \u00d6se f\u00fcr Vorh\u00e4ngeschl\u00f6sser<br \/>\n7mm Birkenmultiplex rot beschichtet<br \/>\n6x Butterfly-Verschluss mit \u00d6se<br \/>\n2x Klappgriff<br \/>\nmind. 1cm Schaumstoffpolsterung<br \/>\nStahlkugelecken<br \/>\nHergestellt in Deutschland<\/p>\n","protected":false},"excerpt":{"rendered":"<p>mit gepolstertem Zubeh\u00f6rfach f\u00fcr Boss FV-500-L 110mm breit, 289mm tief und gepolsterem Zubeh\u00f6rfach f\u00fcr ein Clavia Nord Triple Pedal 272mm<\/p>\n","protected":false},"featured_media":35898,"template":"","meta":{"_acf_changed":false},"product_brand":[],"product_cat":[13511],"product_tag":[],"class_list":{"0":"post-53392","1":"product","2":"type-product","3":"status-publish","4":"has-post-thumbnail","6":"product_cat-keyboard-cases","8":"first","9":"instock","10":"taxable","11":"shipping-taxable","12":"purchasable","13":"product-type-simple"},"acf":[],"_links":{"self":[{"href":"https:\/\/megacase.com\/de\/wp-json\/wp\/v2\/product\/53392","targetHints":{"allow":["GET"]}}],"collection":[{"href":"https:\/\/megacase.com\/de\/wp-json\/wp\/v2\/product"}],"about":[{"href":"https:\/\/megacase.com\/de\/wp-json\/wp\/v2\/types\/product"}],"wp:featuredmedia":[{"embeddable":true,"href":"https:\/\/megacase.com\/de\/wp-json\/wp\/v2\/media\/35898"}],"wp:attachment":[{"href":"https:\/\/megacase.com\/de\/wp-json\/wp\/v2\/media?parent=53392"}],"wp:term":[{"taxonomy":"product_brand","embeddable":true,"href":"https:\/\/megacase.com\/de\/wp-json\/wp\/v2\/product_brand?post=53392"},{"taxonomy":"product_cat","embeddable":true,"href":"https:\/\/megacase.com\/de\/wp-json\/wp\/v2\/product_cat?post=53392"},{"taxonomy":"product_tag","embeddable":true,"href":"https:\/\/megacase.com\/de\/wp-json\/wp\/v2\/product_tag?post=53392"}],"curies":[{"name":"wp","href":"https:\/\/api.w.org\/{rel}","templated":true}]}}