{"id":53381,"date":"2016-01-19T00:00:00","date_gmt":"2016-01-18T23:00:00","guid":{"rendered":"https:\/\/mcx.sunlab.eu\/product\/single-door-blau-600-x-600-x-1000-mm-bxtxh-mit-rollen\/"},"modified":"2026-03-25T15:00:38","modified_gmt":"2026-03-25T14:00:38","slug":"single-door-blau-600-x-600-x-1000-mm-bxtxh-mit-rollen","status":"publish","type":"product","link":"https:\/\/megacase.com\/de\/produkt\/single-door-blau-600-x-600-x-1000-mm-bxtxh-mit-rollen\/","title":{"rendered":"Single Door blau 600 x 600 x 1000 mm BxTxH mit Rollen"},"content":{"rendered":"<p>Single Door blau 600 x 600 x 1000 mm BxTxH mit Rollen<br \/>\n7mm Birkenmultiplex blau ( RAL 5022)<br \/>\n30\/30 Alukante<br \/>\n2x Butterfly-Verschluss mittel mit \u00d6se f\u00fcr Vorh\u00e4ngeschloss<br \/>\nT\u00fcranschlag mit Scharnierband links<br \/>\n4x Klappgriff mittel<br \/>\n8x Kugelecke<br \/>\n4x Lenkrolle (2xgebremst)<br \/>\nInnenausbau<br \/>\n3 Regalb\u00f6den (herausnehmbar) in gleichen Abst\u00e4nden<br \/>\nHergestellt in Deutschland<br \/>\nAu\u00dfenma\u00dfe: BxTxH 650 x 645 x 1190 mm<br \/>\nGewicht: 39 kg<\/p>\n","protected":false},"excerpt":{"rendered":"<p>Single Door blau 600 x 600 x 1000 mm BxTxH mit Rollen 7mm Birkenmultiplex blau ( RAL 5022) 30\/30 Alukante<\/p>\n","protected":false},"featured_media":84621,"template":"","meta":{"_acf_changed":false},"product_brand":[],"product_cat":[13508],"product_tag":[],"class_list":{"0":"post-53381","1":"product","2":"type-product","3":"status-publish","4":"has-post-thumbnail","6":"product_cat-universal-flightcases","8":"first","9":"instock","10":"taxable","11":"shipping-taxable","12":"purchasable","13":"product-type-simple"},"acf":[],"_links":{"self":[{"href":"https:\/\/megacase.com\/de\/wp-json\/wp\/v2\/product\/53381","targetHints":{"allow":["GET"]}}],"collection":[{"href":"https:\/\/megacase.com\/de\/wp-json\/wp\/v2\/product"}],"about":[{"href":"https:\/\/megacase.com\/de\/wp-json\/wp\/v2\/types\/product"}],"wp:featuredmedia":[{"embeddable":true,"href":"https:\/\/megacase.com\/de\/wp-json\/wp\/v2\/media\/84621"}],"wp:attachment":[{"href":"https:\/\/megacase.com\/de\/wp-json\/wp\/v2\/media?parent=53381"}],"wp:term":[{"taxonomy":"product_brand","embeddable":true,"href":"https:\/\/megacase.com\/de\/wp-json\/wp\/v2\/product_brand?post=53381"},{"taxonomy":"product_cat","embeddable":true,"href":"https:\/\/megacase.com\/de\/wp-json\/wp\/v2\/product_cat?post=53381"},{"taxonomy":"product_tag","embeddable":true,"href":"https:\/\/megacase.com\/de\/wp-json\/wp\/v2\/product_tag?post=53381"}],"curies":[{"name":"wp","href":"https:\/\/api.w.org\/{rel}","templated":true}]}}