{"id":53376,"date":"2016-01-19T00:00:00","date_gmt":"2016-01-18T23:00:00","guid":{"rendered":"https:\/\/mcx.sunlab.eu\/product\/modul-a-double-door-case-950-x-700-x-1600-mm-bxtxh-masse-aussenmasse-ueber-rollen-und-alukante\/"},"modified":"2026-03-25T15:00:36","modified_gmt":"2026-03-25T14:00:36","slug":"modul-a-double-door-case-950-x-700-x-1600-mm-bxtxh-masse-aussenmasse-ueber-rollen-und-alukante","status":"publish","type":"product","link":"https:\/\/megacase.com\/de\/produkt\/modul-a-double-door-case-950-x-700-x-1600-mm-bxtxh-masse-aussenmasse-ueber-rollen-und-alukante\/","title":{"rendered":"Modul A Double Door Case 950 x 700 x 1600 mm BxTxH (Ma\u00dfe Aussenma\u00dfe \u00fcber Rollen und Alukante)"},"content":{"rendered":"<p>Modul A Double door Case 950 x 700 x 1600 mm BxTxH (Ma\u00dfe Aussenma\u00dfe \u00fcber Rollen und Alukante)<br \/>\n9mm Birkenmultiplex phenolharzbeschichtet<br \/>\n30\/30 Alukante<br \/>\n4x Butterfly-Verschluss mittel<br \/>\nT\u00fcranschlag mit Scharnierband jeweils links<br \/>\n4x Klappgriff mittel<br \/>\n8x Kugelecke<br \/>\n4x Lenkrolle (2xgebremst)<br \/>\nInnenausbau<br \/>\neine R\u00fcckwand hinten 10mm hinter das Schlie\u00dfprofil verschraubt<br \/>\nHergestellt in Deutschland<br \/>\nAu\u00dfenma\u00dfe: BxTxH 975x725x1600 mm<br \/>\nGewicht: 69 kg<\/p>\n","protected":false},"excerpt":{"rendered":"<p>Modul A Double door Case 950 x 700 x 1600 mm BxTxH (Ma\u00dfe Aussenma\u00dfe \u00fcber Rollen und Alukante) 9mm Birkenmultiplex<\/p>\n","protected":false},"featured_media":84545,"template":"","meta":{"_acf_changed":false},"product_brand":[],"product_cat":[13508],"product_tag":[14778],"class_list":{"0":"post-53376","1":"product","2":"type-product","3":"status-publish","4":"has-post-thumbnail","6":"product_cat-universal-flightcases","7":"product_tag-modul","9":"first","10":"instock","11":"taxable","12":"shipping-taxable","13":"purchasable","14":"product-type-simple"},"acf":[],"_links":{"self":[{"href":"https:\/\/megacase.com\/de\/wp-json\/wp\/v2\/product\/53376","targetHints":{"allow":["GET"]}}],"collection":[{"href":"https:\/\/megacase.com\/de\/wp-json\/wp\/v2\/product"}],"about":[{"href":"https:\/\/megacase.com\/de\/wp-json\/wp\/v2\/types\/product"}],"wp:featuredmedia":[{"embeddable":true,"href":"https:\/\/megacase.com\/de\/wp-json\/wp\/v2\/media\/84545"}],"wp:attachment":[{"href":"https:\/\/megacase.com\/de\/wp-json\/wp\/v2\/media?parent=53376"}],"wp:term":[{"taxonomy":"product_brand","embeddable":true,"href":"https:\/\/megacase.com\/de\/wp-json\/wp\/v2\/product_brand?post=53376"},{"taxonomy":"product_cat","embeddable":true,"href":"https:\/\/megacase.com\/de\/wp-json\/wp\/v2\/product_cat?post=53376"},{"taxonomy":"product_tag","embeddable":true,"href":"https:\/\/megacase.com\/de\/wp-json\/wp\/v2\/product_tag?post=53376"}],"curies":[{"name":"wp","href":"https:\/\/api.w.org\/{rel}","templated":true}]}}