{"id":53369,"date":"2016-01-13T00:00:00","date_gmt":"2016-01-12T23:00:00","guid":{"rendered":"https:\/\/mcx.sunlab.eu\/product\/bodeneffektcase-330190-x-320-x-90-mm\/"},"modified":"2026-03-25T15:00:40","modified_gmt":"2026-03-25T14:00:40","slug":"bodeneffektcase-330190-x-320-x-90-mm","status":"publish","type":"product","link":"https:\/\/megacase.com\/de\/produkt\/bodeneffektcase-330190-x-320-x-90-mm\/","title":{"rendered":"Bodeneffektcase (330+190) x 320 x 90 mm"},"content":{"rendered":"<p>7mm Birkenmultiplex phenolharzbeschichtet<br \/>\n22\/22 Alukante<br \/>\n2x Butterfly-Verschluss mini<br \/>\n1x Ledergriff<br \/>\n8x Kugelecke<br \/>\n4x Gummifu\u00df<br \/>\nSchaumstoffpolsterung<br \/>\n9mm Birkenmultiplexplatte mit Filz bezogen<br \/>\nKlettstreifen zur Befestigung der Effekte mit Filz<br \/>\nInnenausbau<br \/>\nmontiertes Trennbrett schwarz mit 3 Kabeldurchl\u00e4ssen \u00f8 25mm H\u00f6he 70mm<br \/>\nHergestellt in Deutschland<\/p>\n","protected":false},"excerpt":{"rendered":"<p>7mm Birkenmultiplex phenolharzbeschichtet 22\/22 Alukante 2x Butterfly-Verschluss mini 1x Ledergriff 8x Kugelecke 4x Gummifu\u00df Schaumstoffpolsterung 9mm Birkenmultiplexplatte mit Filz bezogen<\/p>\n","protected":false},"featured_media":84393,"template":"","meta":{"_acf_changed":false},"product_brand":[],"product_cat":[13508],"product_tag":[],"class_list":{"0":"post-53369","1":"product","2":"type-product","3":"status-publish","4":"has-post-thumbnail","6":"product_cat-universal-flightcases","8":"first","9":"instock","10":"taxable","11":"shipping-taxable","12":"purchasable","13":"product-type-simple"},"acf":[],"_links":{"self":[{"href":"https:\/\/megacase.com\/de\/wp-json\/wp\/v2\/product\/53369","targetHints":{"allow":["GET"]}}],"collection":[{"href":"https:\/\/megacase.com\/de\/wp-json\/wp\/v2\/product"}],"about":[{"href":"https:\/\/megacase.com\/de\/wp-json\/wp\/v2\/types\/product"}],"wp:featuredmedia":[{"embeddable":true,"href":"https:\/\/megacase.com\/de\/wp-json\/wp\/v2\/media\/84393"}],"wp:attachment":[{"href":"https:\/\/megacase.com\/de\/wp-json\/wp\/v2\/media?parent=53369"}],"wp:term":[{"taxonomy":"product_brand","embeddable":true,"href":"https:\/\/megacase.com\/de\/wp-json\/wp\/v2\/product_brand?post=53369"},{"taxonomy":"product_cat","embeddable":true,"href":"https:\/\/megacase.com\/de\/wp-json\/wp\/v2\/product_cat?post=53369"},{"taxonomy":"product_tag","embeddable":true,"href":"https:\/\/megacase.com\/de\/wp-json\/wp\/v2\/product_tag?post=53369"}],"curies":[{"name":"wp","href":"https:\/\/api.w.org\/{rel}","templated":true}]}}