{"id":53360,"date":"2016-01-12T00:00:00","date_gmt":"2016-01-11T23:00:00","guid":{"rendered":"https:\/\/mcx.sunlab.eu\/product\/19-koffer-scan-operator-mit-aufstellbarer-rackschiene\/"},"modified":"2026-04-09T13:03:04","modified_gmt":"2026-04-09T11:03:04","slug":"19-koffer-scan-operator-mit-aufstellbarer-rackschiene","status":"publish","type":"product","link":"https:\/\/megacase.com\/de\/produkt\/19-koffer-scan-operator-mit-aufstellbarer-rackschiene\/","title":{"rendered":"19&#8243; Koffer Scan Operator mit aufstellbarer Rackschiene"},"content":{"rendered":"<p>Dieses kompakte und robuste Rack-Case eignet sich ideal f\u00fcr den Einbau von 19&#8243;-Ger\u00e4ten wie Scan Operatoren. Mit einer Bauh\u00f6he von 4 HE (20cm Einbautiefe) und einer Einbautiefe von 8,5 cm ab Rackschiene bietet es eine platzsparende und zugleich funktionale L\u00f6sung f\u00fcr den mobilen Einsatz.<\/p>\n<p>Der abnehmbare Deckel erm\u00f6glicht einen schnellen Zugriff auf die verbaute Technik. Besonders praktisch ist die aufstellbare, stufenlos verstellbare Rackschiene, die eine flexible Nutzung erlaubt. Das passende Befestigungsmaterial ist im Lieferumfang enthalten. F\u00fcr einen sicheren Stand sind 4 Gummif\u00fc\u00dfe angebracht.<\/p>\n<p>Austattung:<br \/>\n6,8 mm Multiplex phenolbeschichtet braun<br \/>\n22 x 22 mm Aluminiumprofil<br \/>\n2 Schnappschl\u00f6sser mit \u00d6se<br \/>\n1 Koffergriff<br \/>\n8 Stahlkugelecken klein<br \/>\n4 Gummif\u00fc\u00dfe 25&#215;15 mm<br \/>\naufstellbare stufenlose Rackschiene<br \/>\nSchraubensatz  <\/p>\n<p>** Hinweis: abgebildete Ger\u00e4te dienen nur der Veranschaulichung und sind KEIN Bestanteil des Angebotes.<\/p>\n<p>Hergestellt in Deutschland<br \/>\nAu\u00dfenma\u00dfe BxTxH ca. 56,3 x 23,8 x 16,4<br \/>\nGewicht ca. 3,8 kg  <\/p>\n","protected":false},"excerpt":{"rendered":"<p>Dieses kompakte und robuste Rack-Case eignet sich ideal f\u00fcr den Einbau von 19&#8243;-Ger\u00e4ten wie Scan Operatoren. Mit einer Bauh\u00f6he von<\/p>\n","protected":false},"featured_media":293730,"template":"","meta":{"_acf_changed":false},"product_brand":[],"product_cat":[13504],"product_tag":[],"class_list":{"0":"post-53360","1":"product","2":"type-product","3":"status-publish","4":"has-post-thumbnail","6":"product_cat-koffer-cases","8":"first","9":"instock","10":"taxable","11":"shipping-taxable","12":"purchasable","13":"product-type-simple"},"acf":[],"_links":{"self":[{"href":"https:\/\/megacase.com\/de\/wp-json\/wp\/v2\/product\/53360","targetHints":{"allow":["GET"]}}],"collection":[{"href":"https:\/\/megacase.com\/de\/wp-json\/wp\/v2\/product"}],"about":[{"href":"https:\/\/megacase.com\/de\/wp-json\/wp\/v2\/types\/product"}],"wp:featuredmedia":[{"embeddable":true,"href":"https:\/\/megacase.com\/de\/wp-json\/wp\/v2\/media\/293730"}],"wp:attachment":[{"href":"https:\/\/megacase.com\/de\/wp-json\/wp\/v2\/media?parent=53360"}],"wp:term":[{"taxonomy":"product_brand","embeddable":true,"href":"https:\/\/megacase.com\/de\/wp-json\/wp\/v2\/product_brand?post=53360"},{"taxonomy":"product_cat","embeddable":true,"href":"https:\/\/megacase.com\/de\/wp-json\/wp\/v2\/product_cat?post=53360"},{"taxonomy":"product_tag","embeddable":true,"href":"https:\/\/megacase.com\/de\/wp-json\/wp\/v2\/product_tag?post=53360"}],"curies":[{"name":"wp","href":"https:\/\/api.w.org\/{rel}","templated":true}]}}