{"id":53354,"date":"2016-01-04T00:00:00","date_gmt":"2016-01-03T23:00:00","guid":{"rendered":"https:\/\/mcx.sunlab.eu\/product\/rollensatz-4x-75-mm-lenkrolle-davon-2-gebremst\/"},"modified":"2026-03-25T15:00:42","modified_gmt":"2026-03-25T14:00:42","slug":"rollensatz-4x-75-mm-lenkrolle-davon-2-gebremst","status":"publish","type":"product","link":"https:\/\/megacase.com\/de\/produkt\/rollensatz-4x-75-mm-lenkrolle-davon-2-gebremst\/","title":{"rendered":"Rollensatz 4x 75 mm Lenkrolle 2\/2"},"content":{"rendered":"<p>Rollensatz besteht aus:<br \/>\n2 Lenkrollen 75mm davon 2 gebremst<br \/>\nGeh\u00e4use aus Stahlblech<br \/>\nglanzverzinkt, blaupassiviert<br \/>\nSchwenklager mit zweifachem Kugelkranz<br \/>\nPlattenbefestigung<br \/>\nRadk\u00f6rper aus Stahlblech<br \/>\nLauffl\u00e4che aus Vollgummi grau-spurlos<br \/>\nmit Fadenschutz<br \/>\nReifenbreite: 25mm<br \/>\nPlattenabmessung 60x60mm<br \/>\nPlattenlochabstand 48\/38 x 48\/38mm<br \/>\nPlattenloch 6,3mm<br \/>\nAusladung 24mm<br \/>\nSt\u00f6rkreis-\u00d8 160mm<br \/>\nSt\u00f6rkreisradius 80mm<br \/>\nBauh\u00f6he 100mm<br \/>\nGewicht: 1,8 kg<br \/>\nH\u00e4rte der Lauffl\u00e4che A80 Shore, Tragf\u00e4higkeit 55kg<br \/>\nTragf\u00e4higkeit vom Satz: 165 kg<br \/>\ninkl. Befestigungsmaterial: 16x M6 Schlo\u00dfschrauben mit Muttern und Zahnscheibe<\/p>\n","protected":false},"excerpt":{"rendered":"<p>bestehend aus: 2 Lenkrollen 75mm davon 2 gebremst | Tragf\u00e4higkeit vom Satz: 165 kg | inkl. Befestigungsmaterial<\/p>\n","protected":false},"featured_media":213465,"template":"","meta":{"_acf_changed":false},"product_brand":[],"product_cat":[13512],"product_tag":[],"class_list":{"0":"post-53354","1":"product","2":"type-product","3":"status-publish","4":"has-post-thumbnail","6":"product_cat-case-zubehoer","8":"first","9":"instock","10":"taxable","11":"shipping-taxable","12":"purchasable","13":"product-type-simple"},"acf":[],"_links":{"self":[{"href":"https:\/\/megacase.com\/de\/wp-json\/wp\/v2\/product\/53354","targetHints":{"allow":["GET"]}}],"collection":[{"href":"https:\/\/megacase.com\/de\/wp-json\/wp\/v2\/product"}],"about":[{"href":"https:\/\/megacase.com\/de\/wp-json\/wp\/v2\/types\/product"}],"wp:featuredmedia":[{"embeddable":true,"href":"https:\/\/megacase.com\/de\/wp-json\/wp\/v2\/media\/213465"}],"wp:attachment":[{"href":"https:\/\/megacase.com\/de\/wp-json\/wp\/v2\/media?parent=53354"}],"wp:term":[{"taxonomy":"product_brand","embeddable":true,"href":"https:\/\/megacase.com\/de\/wp-json\/wp\/v2\/product_brand?post=53354"},{"taxonomy":"product_cat","embeddable":true,"href":"https:\/\/megacase.com\/de\/wp-json\/wp\/v2\/product_cat?post=53354"},{"taxonomy":"product_tag","embeddable":true,"href":"https:\/\/megacase.com\/de\/wp-json\/wp\/v2\/product_tag?post=53354"}],"curies":[{"name":"wp","href":"https:\/\/api.w.org\/{rel}","templated":true}]}}