{"id":53335,"date":"2015-12-02T00:00:00","date_gmt":"2015-12-01T23:00:00","guid":{"rendered":"https:\/\/mcx.sunlab.eu\/product\/bodeneffektcase-line6-pod-x3-live-mit-gepolstertem-15cm-fach-rechts-fuer-shure-mikrofon\/"},"modified":"2026-03-25T15:00:48","modified_gmt":"2026-03-25T14:00:48","slug":"bodeneffektcase-line6-pod-x3-live-mit-gepolstertem-15cm-fach-rechts-fuer-shure-mikrofon","status":"publish","type":"product","link":"https:\/\/megacase.com\/de\/produkt\/bodeneffektcase-line6-pod-x3-live-mit-gepolstertem-15cm-fach-rechts-fuer-shure-mikrofon\/","title":{"rendered":"Bodeneffektcase Line6 POD X3 Live mit gepolstertem 15cm Fach rechts f\u00fcr Shure Mikrofon"},"content":{"rendered":"<p>7mm Birkenmultiplex wei\u00df beschichte<br \/>\n22 x 22mm Alukant<br \/>\nSchaumstoffpolsterung<br \/>\nStahlkugelecken<br \/>\n2 gefederte Butterfly-Verschl\u00fcsse klein<br \/>\n1 Ledergriff<br \/>\n4 Gummif\u00fc\u00dfe<br \/>\n38&#215;11 Innenausbau<br \/>\nAu\u00dfenma\u00dfe: 800x435x160 mm<br \/>\nGewicht: 7,8 kg<\/p>\n","protected":false},"excerpt":{"rendered":"<p>7mm Birkenmultiplex wei\u00df beschichte 22 x 22mm Alukant Schaumstoffpolsterung Stahlkugelecken 2 gefederte Butterfly-Verschl\u00fcsse klein 1 Ledergriff 4 Gummif\u00fc\u00dfe 38&#215;11 Innenausbau<\/p>\n","protected":false},"featured_media":97394,"template":"","meta":{"_acf_changed":false},"product_brand":[],"product_cat":[13508,13607],"product_tag":[14357],"class_list":{"0":"post-53335","1":"product","2":"type-product","3":"status-publish","4":"has-post-thumbnail","6":"product_cat-universal-flightcases","7":"product_cat-line-6","8":"product_tag-line-6","10":"first","11":"instock","12":"taxable","13":"shipping-taxable","14":"purchasable","15":"product-type-simple"},"acf":[],"_links":{"self":[{"href":"https:\/\/megacase.com\/de\/wp-json\/wp\/v2\/product\/53335","targetHints":{"allow":["GET"]}}],"collection":[{"href":"https:\/\/megacase.com\/de\/wp-json\/wp\/v2\/product"}],"about":[{"href":"https:\/\/megacase.com\/de\/wp-json\/wp\/v2\/types\/product"}],"wp:featuredmedia":[{"embeddable":true,"href":"https:\/\/megacase.com\/de\/wp-json\/wp\/v2\/media\/97394"}],"wp:attachment":[{"href":"https:\/\/megacase.com\/de\/wp-json\/wp\/v2\/media?parent=53335"}],"wp:term":[{"taxonomy":"product_brand","embeddable":true,"href":"https:\/\/megacase.com\/de\/wp-json\/wp\/v2\/product_brand?post=53335"},{"taxonomy":"product_cat","embeddable":true,"href":"https:\/\/megacase.com\/de\/wp-json\/wp\/v2\/product_cat?post=53335"},{"taxonomy":"product_tag","embeddable":true,"href":"https:\/\/megacase.com\/de\/wp-json\/wp\/v2\/product_tag?post=53335"}],"curies":[{"name":"wp","href":"https:\/\/api.w.org\/{rel}","templated":true}]}}