{"id":53332,"date":"2015-11-23T00:00:00","date_gmt":"2015-11-22T23:00:00","guid":{"rendered":"https:\/\/mcx.sunlab.eu\/product\/profi-display-case-schwarz-auf-rollen-sharp-lc-80le657e\/"},"modified":"2026-03-25T15:00:48","modified_gmt":"2026-03-25T14:00:48","slug":"profi-display-case-schwarz-auf-rollen-sharp-lc-80le657e","status":"publish","type":"product","link":"https:\/\/megacase.com\/de\/produkt\/profi-display-case-schwarz-auf-rollen-sharp-lc-80le657e\/","title":{"rendered":"Profi Display-Case schwarz auf Rollen Sharp LC-80LE657E"},"content":{"rendered":"<p>Profi Display-Case schwarz auf Rollen Sharp LC-80LE657E Profi Transportcase in schwarz auf Rollen (4x gebremst) mit einer Fachunterteilung, und einem fest installierten Teleloop-Display-Lift inkl. Fernbedienung f\u00fcr ein 80&#8243; Display Sharp LC-80LE657E mit den Ma\u00dfen von 1862 x 1112 x 99mm BxHxT, dahinter ein halb hohes Fach f\u00fcr Zubeh\u00f6r etc.<br \/>\n9mm Birkenmultiplex,<br \/>\n30 x 30mm Alukante,<br \/>\nSchaumstoffpolsterung,<br \/>\n6 gefederte Butterfly-Verschl\u00fc\u00dfe,<br \/>\n8 Klappgriffe,<br \/>\nStahlkugelecken,<br \/>\nAu\u00dfenma\u00dfe: BxTxH 1945x570x1355 mm<br \/>\nGewicht: 124 kg<\/p>\n","protected":false},"excerpt":{"rendered":"<p>Profi Display-Case schwarz auf Rollen Sharp LC-80LE657E Profi Transportcase in schwarz auf Rollen (4x gebremst) mit einer Fachunterteilung, und einem<\/p>\n","protected":false},"featured_media":97270,"template":"","meta":{"_acf_changed":false},"product_brand":[],"product_cat":[13501],"product_tag":[],"class_list":{"0":"post-53332","1":"product","2":"type-product","3":"status-publish","4":"has-post-thumbnail","6":"product_cat-plasma-cases","8":"first","9":"instock","10":"taxable","11":"shipping-taxable","12":"purchasable","13":"product-type-simple"},"acf":[],"_links":{"self":[{"href":"https:\/\/megacase.com\/de\/wp-json\/wp\/v2\/product\/53332","targetHints":{"allow":["GET"]}}],"collection":[{"href":"https:\/\/megacase.com\/de\/wp-json\/wp\/v2\/product"}],"about":[{"href":"https:\/\/megacase.com\/de\/wp-json\/wp\/v2\/types\/product"}],"wp:featuredmedia":[{"embeddable":true,"href":"https:\/\/megacase.com\/de\/wp-json\/wp\/v2\/media\/97270"}],"wp:attachment":[{"href":"https:\/\/megacase.com\/de\/wp-json\/wp\/v2\/media?parent=53332"}],"wp:term":[{"taxonomy":"product_brand","embeddable":true,"href":"https:\/\/megacase.com\/de\/wp-json\/wp\/v2\/product_brand?post=53332"},{"taxonomy":"product_cat","embeddable":true,"href":"https:\/\/megacase.com\/de\/wp-json\/wp\/v2\/product_cat?post=53332"},{"taxonomy":"product_tag","embeddable":true,"href":"https:\/\/megacase.com\/de\/wp-json\/wp\/v2\/product_tag?post=53332"}],"curies":[{"name":"wp","href":"https:\/\/api.w.org\/{rel}","templated":true}]}}