{"id":53327,"date":"2015-11-19T00:00:00","date_gmt":"2015-11-18T23:00:00","guid":{"rendered":"https:\/\/mcx.sunlab.eu\/product\/single-door-case-schwarz-auf-rollen-aussenmass-900x600x1100mm\/"},"modified":"2026-03-25T15:00:49","modified_gmt":"2026-03-25T14:00:49","slug":"single-door-case-schwarz-auf-rollen-aussenmass-900x600x1100mm","status":"publish","type":"product","link":"https:\/\/megacase.com\/de\/produkt\/single-door-case-schwarz-auf-rollen-aussenmass-900x600x1100mm\/","title":{"rendered":"Single Door Case schwarz auf Rollen Au\u00dfenma\u00df 900x600x1100mm"},"content":{"rendered":"<p>Schrankcase in schwarz auf Rollen (2x gebremst) mit einer abnehmbarer T\u00fcre vorne und den Au\u00dfenma\u00dfen von 900 x 600 x 1100mm BxTxH (inkl. Rollen) und einer eingebauten Kleiderstange;<br \/>\n7mm Birkenmultiplex,<br \/>\n30 x 30mm Alukante,<br \/>\n4 gefederte Butterfly-Verschl\u00fc\u00dfe,<br \/>\n4 Klappgriffe,<br \/>\nStahlkugelecken,<br \/>\nhergestellt in Deutschland<br \/>\nAu\u00dfenma\u00dfe: 900x605x1095 mm<br \/>\nGewicht: 32,8 kg<\/p>\n","protected":false},"excerpt":{"rendered":"<p>Schrankcase in schwarz auf Rollen (2x gebremst) mit einer abnehmbarer T\u00fcre vorne und den Au\u00dfenma\u00dfen von 900 x 600 x<\/p>\n","protected":false},"featured_media":97242,"template":"","meta":{"_acf_changed":false},"product_brand":[],"product_cat":[13494],"product_tag":[14248],"class_list":{"0":"post-53327","1":"product","2":"type-product","3":"status-publish","4":"has-post-thumbnail","6":"product_cat-custom-cases","7":"product_tag-schrankcase","9":"first","10":"instock","11":"taxable","12":"shipping-taxable","13":"purchasable","14":"product-type-simple"},"acf":[],"_links":{"self":[{"href":"https:\/\/megacase.com\/de\/wp-json\/wp\/v2\/product\/53327","targetHints":{"allow":["GET"]}}],"collection":[{"href":"https:\/\/megacase.com\/de\/wp-json\/wp\/v2\/product"}],"about":[{"href":"https:\/\/megacase.com\/de\/wp-json\/wp\/v2\/types\/product"}],"wp:featuredmedia":[{"embeddable":true,"href":"https:\/\/megacase.com\/de\/wp-json\/wp\/v2\/media\/97242"}],"wp:attachment":[{"href":"https:\/\/megacase.com\/de\/wp-json\/wp\/v2\/media?parent=53327"}],"wp:term":[{"taxonomy":"product_brand","embeddable":true,"href":"https:\/\/megacase.com\/de\/wp-json\/wp\/v2\/product_brand?post=53327"},{"taxonomy":"product_cat","embeddable":true,"href":"https:\/\/megacase.com\/de\/wp-json\/wp\/v2\/product_cat?post=53327"},{"taxonomy":"product_tag","embeddable":true,"href":"https:\/\/megacase.com\/de\/wp-json\/wp\/v2\/product_tag?post=53327"}],"curies":[{"name":"wp","href":"https:\/\/api.w.org\/{rel}","templated":true}]}}