{"id":53323,"date":"2015-11-16T00:00:00","date_gmt":"2015-11-15T23:00:00","guid":{"rendered":"https:\/\/mcx.sunlab.eu\/product\/24he-profi-rack-90-mit-rollen-gebremst\/"},"modified":"2026-03-25T15:00:51","modified_gmt":"2026-03-25T14:00:51","slug":"24he-profi-rack-90-mit-rollen-gebremst","status":"publish","type":"product","link":"https:\/\/megacase.com\/de\/produkt\/24he-profi-rack-90-mit-rollen-gebremst\/","title":{"rendered":"24HE Profi Rack 90 mit Rollen gebremst"},"content":{"rendered":"<p>Double Door Live  24 HE Einbauh\u00f6he  90 cm Einbautiefe  93 cm Korpustiefe<br \/>\n9 mm Birke hellblau RAL5015<br \/>\n30\/30 Alukante<br \/>\n8 Butterflys gefedert mittel mit \u00d6se f\u00fcr Vorh\u00e4ngeschloss<br \/>\n4 Klappgriffe mittel<br \/>\n8 Kugelecken mittel<br \/>\nRackschiene mit Gummikeder und seitlicher Aufnahme  vorne und hinten<br \/>\nSchraubensatz<br \/>\n4x Rollen davon 2 gebremst<br \/>\nAu\u00dfenma\u00dfe: 560x1095x1270 mm<br \/>\nGewicht: 59 kg<\/p>\n","protected":false},"excerpt":{"rendered":"<p>Double Door Live 24 HE Einbauh\u00f6he 90 cm Einbautiefe 93 cm Korpustiefe 9 mm Birke hellblau RAL5015 30\/30 Alukante 8<\/p>\n","protected":false},"featured_media":97030,"template":"","meta":{"_acf_changed":false},"product_brand":[],"product_cat":[13510],"product_tag":[],"class_list":{"0":"post-53323","1":"product","2":"type-product","3":"status-publish","4":"has-post-thumbnail","6":"product_cat-racks","8":"first","9":"instock","10":"taxable","11":"shipping-taxable","12":"purchasable","13":"product-type-simple"},"acf":[],"_links":{"self":[{"href":"https:\/\/megacase.com\/de\/wp-json\/wp\/v2\/product\/53323","targetHints":{"allow":["GET"]}}],"collection":[{"href":"https:\/\/megacase.com\/de\/wp-json\/wp\/v2\/product"}],"about":[{"href":"https:\/\/megacase.com\/de\/wp-json\/wp\/v2\/types\/product"}],"wp:featuredmedia":[{"embeddable":true,"href":"https:\/\/megacase.com\/de\/wp-json\/wp\/v2\/media\/97030"}],"wp:attachment":[{"href":"https:\/\/megacase.com\/de\/wp-json\/wp\/v2\/media?parent=53323"}],"wp:term":[{"taxonomy":"product_brand","embeddable":true,"href":"https:\/\/megacase.com\/de\/wp-json\/wp\/v2\/product_brand?post=53323"},{"taxonomy":"product_cat","embeddable":true,"href":"https:\/\/megacase.com\/de\/wp-json\/wp\/v2\/product_cat?post=53323"},{"taxonomy":"product_tag","embeddable":true,"href":"https:\/\/megacase.com\/de\/wp-json\/wp\/v2\/product_tag?post=53323"}],"curies":[{"name":"wp","href":"https:\/\/api.w.org\/{rel}","templated":true}]}}