{"id":53317,"date":"2015-11-04T00:00:00","date_gmt":"2015-11-03T23:00:00","guid":{"rendered":"https:\/\/mcx.sunlab.eu\/product\/haubencase-auf-rollen-530x270x785\/"},"modified":"2026-03-25T15:00:52","modified_gmt":"2026-03-25T14:00:52","slug":"haubencase-auf-rollen-530x270x785","status":"publish","type":"product","link":"https:\/\/megacase.com\/de\/produkt\/haubencase-auf-rollen-530x270x785\/","title":{"rendered":"Haubencase auf Rollen 530x270x785"},"content":{"rendered":"<p>Haubencase auf Rollen (2x gebremst) mit den Innenma\u00dfen von 530 x 270 x 785 mm BxTxH;<br \/>\n7mm Birkenmultiplex,<br \/>\n30 x 30mm Alukante,<br \/>\nSchaumstoffpolsterung,<br \/>\n2 gefederte Butterfly-Verschl\u00fc\u00dfe gro\u00df,<br \/>\n2 Klappgriffe,<br \/>\nStahlkugelecken,<br \/>\nhergestellt in Deutschland<\/p>\n","protected":false},"excerpt":{"rendered":"<p>Haubencase auf Rollen (2x gebremst) mit den Innenma\u00dfen von 530 x 270 x 785 mm BxTxH; 7mm Birkenmultiplex, 30 x<\/p>\n","protected":false},"featured_media":24503,"template":"","meta":{"_acf_changed":false},"product_brand":[],"product_cat":[13499],"product_tag":[],"class_list":{"0":"post-53317","1":"product","2":"type-product","3":"status-publish","4":"has-post-thumbnail","6":"product_cat-amp-cases","8":"first","9":"instock","10":"taxable","11":"shipping-taxable","12":"purchasable","13":"product-type-simple"},"acf":[],"_links":{"self":[{"href":"https:\/\/megacase.com\/de\/wp-json\/wp\/v2\/product\/53317","targetHints":{"allow":["GET"]}}],"collection":[{"href":"https:\/\/megacase.com\/de\/wp-json\/wp\/v2\/product"}],"about":[{"href":"https:\/\/megacase.com\/de\/wp-json\/wp\/v2\/types\/product"}],"wp:featuredmedia":[{"embeddable":true,"href":"https:\/\/megacase.com\/de\/wp-json\/wp\/v2\/media\/24503"}],"wp:attachment":[{"href":"https:\/\/megacase.com\/de\/wp-json\/wp\/v2\/media?parent=53317"}],"wp:term":[{"taxonomy":"product_brand","embeddable":true,"href":"https:\/\/megacase.com\/de\/wp-json\/wp\/v2\/product_brand?post=53317"},{"taxonomy":"product_cat","embeddable":true,"href":"https:\/\/megacase.com\/de\/wp-json\/wp\/v2\/product_cat?post=53317"},{"taxonomy":"product_tag","embeddable":true,"href":"https:\/\/megacase.com\/de\/wp-json\/wp\/v2\/product_tag?post=53317"}],"curies":[{"name":"wp","href":"https:\/\/api.w.org\/{rel}","templated":true}]}}