{"id":53314,"date":"2015-10-31T00:00:00","date_gmt":"2015-10-30T23:00:00","guid":{"rendered":"https:\/\/mcx.sunlab.eu\/product\/transportcase-zomo-deck-stand-frontscheibe-acryl\/"},"modified":"2026-03-25T15:00:52","modified_gmt":"2026-03-25T14:00:52","slug":"transportcase-zomo-deck-stand-frontscheibe-acryl","status":"publish","type":"product","link":"https:\/\/megacase.com\/de\/produkt\/transportcase-zomo-deck-stand-frontscheibe-acryl\/","title":{"rendered":"Transportcase Zomo Deck Stand Frontscheibe Acryl"},"content":{"rendered":"<p>Transportcase mit einem 200mm hohen Deckel, Schaumstoffpolsterung f\u00fcr eine Plexiglasscheibe mit den Ma\u00dfen von 1430 x 100 x 760 mm BxTxH, im Unterteil seitlich im Schaumstoff eine F\u00fchrungsnut links und rechts und zus\u00e4tzlich am Boden zwei Schamstoffkl\u00f6tze mit einer Nut;<br \/>\n7mm Birkenmultiplex,<br \/>\n30 x 30mm Alukante,<br \/>\nSchaumstoffpolsterung,<br \/>\n4 gefederte Butterfly-Verschl\u00fc\u00dfe,<br \/>\n4 Klappgriffe,<br \/>\nStahlkugelecken,<br \/>\nhergestellt in Deutschland<br \/>\nAu\u00dfenma\u00df: BxTxH 1485x210x840 mm<br \/>\nGewicht: 20,7 kg<\/p>\n","protected":false},"excerpt":{"rendered":"<p>Transportcase mit einem 200mm hohen Deckel, Schaumstoffpolsterung f\u00fcr eine Plexiglasscheibe mit den Ma\u00dfen von 1430 x 100 x 760 mm<\/p>\n","protected":false},"featured_media":96671,"template":"","meta":{"_acf_changed":false},"product_brand":[],"product_cat":[13493],"product_tag":[],"class_list":{"0":"post-53314","1":"product","2":"type-product","3":"status-publish","4":"has-post-thumbnail","6":"product_cat-dj-equipment-cases","8":"first","9":"instock","10":"taxable","11":"shipping-taxable","12":"purchasable","13":"product-type-simple"},"acf":[],"_links":{"self":[{"href":"https:\/\/megacase.com\/de\/wp-json\/wp\/v2\/product\/53314","targetHints":{"allow":["GET"]}}],"collection":[{"href":"https:\/\/megacase.com\/de\/wp-json\/wp\/v2\/product"}],"about":[{"href":"https:\/\/megacase.com\/de\/wp-json\/wp\/v2\/types\/product"}],"wp:featuredmedia":[{"embeddable":true,"href":"https:\/\/megacase.com\/de\/wp-json\/wp\/v2\/media\/96671"}],"wp:attachment":[{"href":"https:\/\/megacase.com\/de\/wp-json\/wp\/v2\/media?parent=53314"}],"wp:term":[{"taxonomy":"product_brand","embeddable":true,"href":"https:\/\/megacase.com\/de\/wp-json\/wp\/v2\/product_brand?post=53314"},{"taxonomy":"product_cat","embeddable":true,"href":"https:\/\/megacase.com\/de\/wp-json\/wp\/v2\/product_cat?post=53314"},{"taxonomy":"product_tag","embeddable":true,"href":"https:\/\/megacase.com\/de\/wp-json\/wp\/v2\/product_tag?post=53314"}],"curies":[{"name":"wp","href":"https:\/\/api.w.org\/{rel}","templated":true}]}}