{"id":53312,"date":"2015-10-19T00:00:00","date_gmt":"2015-10-18T22:00:00","guid":{"rendered":"https:\/\/mcx.sunlab.eu\/product\/transportcase-auf-rollen-cameo-led-par-64-18-x-8w-10in1\/"},"modified":"2026-03-25T15:00:53","modified_gmt":"2026-03-25T14:00:53","slug":"transportcase-auf-rollen-cameo-led-par-64-18-x-8w-10in1","status":"publish","type":"product","link":"https:\/\/megacase.com\/de\/produkt\/transportcase-auf-rollen-cameo-led-par-64-18-x-8w-10in1\/","title":{"rendered":"Transportcase auf Rollen Cameo LED PAR 64 &#8211; 18 x 8W 10in1"},"content":{"rendered":"<p>Transportcase auf Rollen (2x gebremst) mit Schaumstoffpolsterung und Fachunterteilung  f\u00fcr 10 Floorspots mit den Ma\u00dfen von 260 x 270 x 335 mm BxTxH und einem gepolsterten 150mm breiten Zubeh\u00f6rfach;  7mm Birkenmultiplex,<br \/>\n30 x 30mm Alukante,<br \/>\nSchaumstoffpolsterung,<br \/>\n5 Feststellscharniere gro\u00df<br \/>\n3 gefederte Butterfly-Verschl\u00fc\u00dfe mittel,<br \/>\n4 Klappgriffe mittel,<br \/>\n8 Stahlkugelecken mittel,<br \/>\nhergestellt in Deutschland<\/p>\n","protected":false},"excerpt":{"rendered":"<p>Transportcase auf Rollen (2x gebremst) mit Schaumstoffpolsterung und Fachunterteilung f\u00fcr 10 Floorspots mit den Ma\u00dfen von 260 x 270 x<\/p>\n","protected":false},"featured_media":96591,"template":"","meta":{"_acf_changed":false},"product_brand":[],"product_cat":[13509],"product_tag":[13725],"class_list":{"0":"post-53312","1":"product","2":"type-product","3":"status-publish","4":"has-post-thumbnail","6":"product_cat-truhen-cases","7":"product_tag-cameo","9":"first","10":"instock","11":"taxable","12":"shipping-taxable","13":"purchasable","14":"product-type-simple"},"acf":[],"_links":{"self":[{"href":"https:\/\/megacase.com\/de\/wp-json\/wp\/v2\/product\/53312","targetHints":{"allow":["GET"]}}],"collection":[{"href":"https:\/\/megacase.com\/de\/wp-json\/wp\/v2\/product"}],"about":[{"href":"https:\/\/megacase.com\/de\/wp-json\/wp\/v2\/types\/product"}],"wp:featuredmedia":[{"embeddable":true,"href":"https:\/\/megacase.com\/de\/wp-json\/wp\/v2\/media\/96591"}],"wp:attachment":[{"href":"https:\/\/megacase.com\/de\/wp-json\/wp\/v2\/media?parent=53312"}],"wp:term":[{"taxonomy":"product_brand","embeddable":true,"href":"https:\/\/megacase.com\/de\/wp-json\/wp\/v2\/product_brand?post=53312"},{"taxonomy":"product_cat","embeddable":true,"href":"https:\/\/megacase.com\/de\/wp-json\/wp\/v2\/product_cat?post=53312"},{"taxonomy":"product_tag","embeddable":true,"href":"https:\/\/megacase.com\/de\/wp-json\/wp\/v2\/product_tag?post=53312"}],"curies":[{"name":"wp","href":"https:\/\/api.w.org\/{rel}","templated":true}]}}