{"id":53276,"date":"2015-09-09T00:00:00","date_gmt":"2015-09-08T22:00:00","guid":{"rendered":"https:\/\/mcx.sunlab.eu\/product\/display-multi-case-60-schwarz\/"},"modified":"2026-03-25T15:01:06","modified_gmt":"2026-03-25T14:01:06","slug":"display-multi-case-60-schwarz","status":"publish","type":"product","link":"https:\/\/megacase.com\/de\/produkt\/display-multi-case-60-schwarz\/","title":{"rendered":"Display Multi Case 60&#8243; schwarz"},"content":{"rendered":"<p>Profi Transportcase auf Rollen (2x gebremst) mit Schaumstoffpolsterung<br \/>\nund variabler Anpassung an Monitor durch verschiebbare Keile  f\u00fcr ein oder zwei 60&#8243; Display<br \/>\nMax. Breite und H\u00f6he des Ger\u00e4tes 1450 x 920mm BxH;<br \/>\n9mm Birkenmultiplex schwarz RAL 9004,<br \/>\n30 x 30mm Alukante,<br \/>\nSchaumstoffpolsterung,<br \/>\n6 gefederte Butterfly-Verschl\u00fc\u00dfe,<br \/>\n10 Klappgriffe,<br \/>\nStahlkugelecken,<br \/>\nhergestellt in Deutschland<br \/>\nAbbildung \u00e4hnlich  Au\u00dfenma\u00dfe: BxTxH  1675x450x1130 mm<br \/>\nGewicht: 57,6 kg<\/p>\n","protected":false},"excerpt":{"rendered":"<p>Profi Transportcase auf Rollen (2x gebremst) mit Schaumstoffpolsterung und variabler Anpassung an Monitor durch verschiebbare Keile f\u00fcr ein oder zwei<\/p>\n","protected":false},"featured_media":95546,"template":"","meta":{"_acf_changed":false},"product_brand":[],"product_cat":[13612],"product_tag":[16469],"class_list":{"0":"post-53276","1":"product","2":"type-product","3":"status-publish","4":"has-post-thumbnail","6":"product_cat-display-monitor","7":"product_tag-displaymulti","9":"first","10":"instock","11":"taxable","12":"shipping-taxable","13":"purchasable","14":"product-type-simple"},"acf":[],"_links":{"self":[{"href":"https:\/\/megacase.com\/de\/wp-json\/wp\/v2\/product\/53276","targetHints":{"allow":["GET"]}}],"collection":[{"href":"https:\/\/megacase.com\/de\/wp-json\/wp\/v2\/product"}],"about":[{"href":"https:\/\/megacase.com\/de\/wp-json\/wp\/v2\/types\/product"}],"wp:featuredmedia":[{"embeddable":true,"href":"https:\/\/megacase.com\/de\/wp-json\/wp\/v2\/media\/95546"}],"wp:attachment":[{"href":"https:\/\/megacase.com\/de\/wp-json\/wp\/v2\/media?parent=53276"}],"wp:term":[{"taxonomy":"product_brand","embeddable":true,"href":"https:\/\/megacase.com\/de\/wp-json\/wp\/v2\/product_brand?post=53276"},{"taxonomy":"product_cat","embeddable":true,"href":"https:\/\/megacase.com\/de\/wp-json\/wp\/v2\/product_cat?post=53276"},{"taxonomy":"product_tag","embeddable":true,"href":"https:\/\/megacase.com\/de\/wp-json\/wp\/v2\/product_tag?post=53276"}],"curies":[{"name":"wp","href":"https:\/\/api.w.org\/{rel}","templated":true}]}}