{"id":53271,"date":"2015-09-04T00:00:00","date_gmt":"2015-09-03T22:00:00","guid":{"rendered":"https:\/\/mcx.sunlab.eu\/product\/truhe-fuer-5-bildschirme-150mm-zubehoerfach-ueber-die-ganze-breite\/"},"modified":"2026-03-25T15:01:06","modified_gmt":"2026-03-25T14:01:06","slug":"truhe-fuer-5-bildschirme-150mm-zubehoerfach-ueber-die-ganze-breite","status":"publish","type":"product","link":"https:\/\/megacase.com\/de\/produkt\/truhe-fuer-5-bildschirme-150mm-zubehoerfach-ueber-die-ganze-breite\/","title":{"rendered":"Truhe f\u00fcr 5 Bildschirme + 150mm Zubeh\u00f6rfach \u00fcber die ganze Breite"},"content":{"rendered":"<p>7mm Birkenmultiplex phenolharzbeschichtet<br \/>\n30\/30 Alukante<br \/>\n4x Butterfly-Verschluss mittel mit \u00d6se<br \/>\n6x Klappgriff mittel<br \/>\n8x Kugelecke<br \/>\nSchaumstoffpolsterung<br \/>\nNutenschaumstoff im Zubeh\u00f6rfach mit 2 Trennbrettern<br \/>\n4x Lenkrolle (2xgebremst)<br \/>\nHergestellt in Deutschland<br \/>\nAu\u00dfenma\u00dfe: BxTxH 1154x700x865 mm<br \/>\nGewicht: 38,4 kg<\/p>\n","protected":false},"excerpt":{"rendered":"<p>7mm Birkenmultiplex phenolharzbeschichtet 30\/30 Alukante 4x Butterfly-Verschluss mittel mit \u00d6se 6x Klappgriff mittel 8x Kugelecke Schaumstoffpolsterung Nutenschaumstoff im Zubeh\u00f6rfach mit<\/p>\n","protected":false},"featured_media":95458,"template":"","meta":{"_acf_changed":false},"product_brand":[],"product_cat":[13501],"product_tag":[],"class_list":{"0":"post-53271","1":"product","2":"type-product","3":"status-publish","4":"has-post-thumbnail","6":"product_cat-plasma-cases","8":"first","9":"instock","10":"taxable","11":"shipping-taxable","12":"purchasable","13":"product-type-simple"},"acf":[],"_links":{"self":[{"href":"https:\/\/megacase.com\/de\/wp-json\/wp\/v2\/product\/53271","targetHints":{"allow":["GET"]}}],"collection":[{"href":"https:\/\/megacase.com\/de\/wp-json\/wp\/v2\/product"}],"about":[{"href":"https:\/\/megacase.com\/de\/wp-json\/wp\/v2\/types\/product"}],"wp:featuredmedia":[{"embeddable":true,"href":"https:\/\/megacase.com\/de\/wp-json\/wp\/v2\/media\/95458"}],"wp:attachment":[{"href":"https:\/\/megacase.com\/de\/wp-json\/wp\/v2\/media?parent=53271"}],"wp:term":[{"taxonomy":"product_brand","embeddable":true,"href":"https:\/\/megacase.com\/de\/wp-json\/wp\/v2\/product_brand?post=53271"},{"taxonomy":"product_cat","embeddable":true,"href":"https:\/\/megacase.com\/de\/wp-json\/wp\/v2\/product_cat?post=53271"},{"taxonomy":"product_tag","embeddable":true,"href":"https:\/\/megacase.com\/de\/wp-json\/wp\/v2\/product_tag?post=53271"}],"curies":[{"name":"wp","href":"https:\/\/api.w.org\/{rel}","templated":true}]}}