{"id":53266,"date":"2015-08-27T00:00:00","date_gmt":"2015-08-26T22:00:00","guid":{"rendered":"https:\/\/mcx.sunlab.eu\/product\/truhe-live-fuer-55-fernseher-mit-zubehoerfach-200mm\/"},"modified":"2026-03-25T15:01:10","modified_gmt":"2026-03-25T14:01:10","slug":"truhe-live-fuer-55-fernseher-mit-zubehoerfach-200mm","status":"publish","type":"product","link":"https:\/\/megacase.com\/de\/produkt\/truhe-live-fuer-55-fernseher-mit-zubehoerfach-200mm\/","title":{"rendered":"Display Truhe Live f\u00fcr 55 Zoll TV mit Zubeh\u00f6rfach 200mm"},"content":{"rendered":"<p>Truhe f\u00fcr 55 Zoll TV Display und Zubeh\u00f6r in einem Fach<\/p>\n<p>6,8 mm Multiplex phenolharz beschichtet<br \/>\nFarbe braun<br \/>\n30\/30 mm Alukante<br \/>\n4x Butterfly-Verschluss mittel<br \/>\n4x Klappgriff medium<br \/>\n8x Kugelecke mittel<br \/>\n4x Lenkrolle (2x gebremst)<br \/>\nSchaumstoffpolsterung + Schaumstoff lose<\/p>\n<p>Hergestellt in Deutschland<br \/>\nGer\u00e4tema\u00dfe 1230 x 750 x 60 mm BxTxH<br \/>\nAu\u00dfenma\u00dfe: BxTxH 1320x440x950 mm<br \/>\nGewicht: 39,60 kg<\/p>\n","protected":false},"excerpt":{"rendered":"<p>Truhe f\u00fcr 55 Zoll TV Display und Zubeh\u00f6r in einem Fach 6,8 mm Multiplex phenolharz beschichtet Farbe braun 30\/30 mm<\/p>\n","protected":false},"featured_media":95366,"template":"","meta":{"_acf_changed":false},"product_brand":[],"product_cat":[13501],"product_tag":[],"class_list":{"0":"post-53266","1":"product","2":"type-product","3":"status-publish","4":"has-post-thumbnail","6":"product_cat-plasma-cases","8":"first","9":"instock","10":"taxable","11":"shipping-taxable","12":"purchasable","13":"product-type-simple"},"acf":[],"_links":{"self":[{"href":"https:\/\/megacase.com\/de\/wp-json\/wp\/v2\/product\/53266","targetHints":{"allow":["GET"]}}],"collection":[{"href":"https:\/\/megacase.com\/de\/wp-json\/wp\/v2\/product"}],"about":[{"href":"https:\/\/megacase.com\/de\/wp-json\/wp\/v2\/types\/product"}],"wp:featuredmedia":[{"embeddable":true,"href":"https:\/\/megacase.com\/de\/wp-json\/wp\/v2\/media\/95366"}],"wp:attachment":[{"href":"https:\/\/megacase.com\/de\/wp-json\/wp\/v2\/media?parent=53266"}],"wp:term":[{"taxonomy":"product_brand","embeddable":true,"href":"https:\/\/megacase.com\/de\/wp-json\/wp\/v2\/product_brand?post=53266"},{"taxonomy":"product_cat","embeddable":true,"href":"https:\/\/megacase.com\/de\/wp-json\/wp\/v2\/product_cat?post=53266"},{"taxonomy":"product_tag","embeddable":true,"href":"https:\/\/megacase.com\/de\/wp-json\/wp\/v2\/product_tag?post=53266"}],"curies":[{"name":"wp","href":"https:\/\/api.w.org\/{rel}","templated":true}]}}