{"id":53237,"date":"2015-07-24T00:00:00","date_gmt":"2015-07-23T22:00:00","guid":{"rendered":"https:\/\/mcx.sunlab.eu\/product\/profi-haubencase-auf-rollen-jbl-prx-735-top-teil\/"},"modified":"2026-03-25T15:05:43","modified_gmt":"2026-03-25T14:05:43","slug":"profi-haubencase-auf-rollen-jbl-prx-735-top-teil","status":"publish","type":"product","link":"https:\/\/megacase.com\/de\/produkt\/profi-haubencase-auf-rollen-jbl-prx-735-top-teil\/","title":{"rendered":"Profi Haubencase auf Rollen JBL PRX 735 Top-Teil"},"content":{"rendered":"<p>Haubencase auf Rollen mit Schaumstoffpolsterung f\u00fcr JBL PRX 735 Top-Teil;<br \/>\n9mm Birkenmultiplex,<br \/>\n30 x 30mm Alukante,<br \/>\nSchaumstoffpolsterung,<br \/>\n4 gefederte Butterfly-Verschl\u00fc\u00dfe mittel,<br \/>\n8 Klappgriffe mittel,<br \/>\n8 Stahlkugelecken gro\u00df,<br \/>\n4 Stapelmulden oben,<br \/>\nhergestellt in Deutschland<br \/>\nAu\u00dfenma\u00dfe: BxTxH 1040x530x780 mm<br \/>\nGewicht: 33 kg<\/p>\n","protected":false},"excerpt":{"rendered":"<p>Haubencase auf Rollen mit Schaumstoffpolsterung f\u00fcr JBL PRX 735 Top-Teil; 9mm Birkenmultiplex, 30 x 30mm Alukante, Schaumstoffpolsterung, 4 gefederte Butterfly-Verschl\u00fc\u00dfe<\/p>\n","protected":false},"featured_media":24714,"template":"","meta":{"_acf_changed":false},"product_brand":[],"product_cat":[13508,13606],"product_tag":[],"class_list":{"0":"post-53237","1":"product","2":"type-product","3":"status-publish","4":"has-post-thumbnail","6":"product_cat-universal-flightcases","7":"product_cat-jbl","9":"first","10":"instock","11":"taxable","12":"shipping-taxable","13":"purchasable","14":"product-type-simple"},"acf":[],"_links":{"self":[{"href":"https:\/\/megacase.com\/de\/wp-json\/wp\/v2\/product\/53237","targetHints":{"allow":["GET"]}}],"collection":[{"href":"https:\/\/megacase.com\/de\/wp-json\/wp\/v2\/product"}],"about":[{"href":"https:\/\/megacase.com\/de\/wp-json\/wp\/v2\/types\/product"}],"wp:featuredmedia":[{"embeddable":true,"href":"https:\/\/megacase.com\/de\/wp-json\/wp\/v2\/media\/24714"}],"wp:attachment":[{"href":"https:\/\/megacase.com\/de\/wp-json\/wp\/v2\/media?parent=53237"}],"wp:term":[{"taxonomy":"product_brand","embeddable":true,"href":"https:\/\/megacase.com\/de\/wp-json\/wp\/v2\/product_brand?post=53237"},{"taxonomy":"product_cat","embeddable":true,"href":"https:\/\/megacase.com\/de\/wp-json\/wp\/v2\/product_cat?post=53237"},{"taxonomy":"product_tag","embeddable":true,"href":"https:\/\/megacase.com\/de\/wp-json\/wp\/v2\/product_tag?post=53237"}],"curies":[{"name":"wp","href":"https:\/\/api.w.org\/{rel}","templated":true}]}}