{"id":53236,"date":"2015-07-24T00:00:00","date_gmt":"2015-07-23T22:00:00","guid":{"rendered":"https:\/\/mcx.sunlab.eu\/product\/koffercase-22-tft-monitor-variabel\/"},"modified":"2026-03-25T15:05:43","modified_gmt":"2026-03-25T14:05:43","slug":"koffercase-22-tft-monitor-variabel","status":"publish","type":"product","link":"https:\/\/megacase.com\/de\/produkt\/koffercase-22-tft-monitor-variabel\/","title":{"rendered":"Koffercase 22&#8243; TFT Monitor  variabel"},"content":{"rendered":"<p>variables Transportcase f\u00fcr 20&#8243; &#8211; 22&#8243; Monitore   universell f\u00fcr alle g\u00e4ngigen Ger\u00e4te   durch eingefr\u00e4stes Raster ist die Gr\u00f6\u00dfe variabel einstellbar   St\u00fctzbretter sind mit Schaumstoff beklebt   max Ger\u00e4tema\u00dfe BxTxH 52,5 x 24 x 44cm<br \/>\n7mm Birkenmultiplex<br \/>\n22 x 22mm Alukante<br \/>\nmind. 1cm Schaumstoffpolsterung<br \/>\n1 gefederte Butterfly-Verschlu\u00df medium<br \/>\n1 Klappgriff<br \/>\nkleine Stahlkugelecken<br \/>\nhergestellt in Deutschland<br \/>\nAu\u00dfenma\u00dfe des Koffers ca.615 x 300 x 527 mm<br \/>\nGewicht ca. 10,9 kg<\/p>\n","protected":false},"excerpt":{"rendered":"<p>variables Transportcase f\u00fcr 20&#8243; &#8211; 22&#8243; Monitore universell f\u00fcr alle g\u00e4ngigen Ger\u00e4te durch eingefr\u00e4stes Raster ist die Gr\u00f6\u00dfe variabel einstellbar<\/p>\n","protected":false},"featured_media":24716,"template":"","meta":{"_acf_changed":false},"product_brand":[],"product_cat":[13501],"product_tag":[],"class_list":{"0":"post-53236","1":"product","2":"type-product","3":"status-publish","4":"has-post-thumbnail","6":"product_cat-plasma-cases","8":"first","9":"instock","10":"taxable","11":"shipping-taxable","12":"purchasable","13":"product-type-simple"},"acf":[],"_links":{"self":[{"href":"https:\/\/megacase.com\/de\/wp-json\/wp\/v2\/product\/53236","targetHints":{"allow":["GET"]}}],"collection":[{"href":"https:\/\/megacase.com\/de\/wp-json\/wp\/v2\/product"}],"about":[{"href":"https:\/\/megacase.com\/de\/wp-json\/wp\/v2\/types\/product"}],"wp:featuredmedia":[{"embeddable":true,"href":"https:\/\/megacase.com\/de\/wp-json\/wp\/v2\/media\/24716"}],"wp:attachment":[{"href":"https:\/\/megacase.com\/de\/wp-json\/wp\/v2\/media?parent=53236"}],"wp:term":[{"taxonomy":"product_brand","embeddable":true,"href":"https:\/\/megacase.com\/de\/wp-json\/wp\/v2\/product_brand?post=53236"},{"taxonomy":"product_cat","embeddable":true,"href":"https:\/\/megacase.com\/de\/wp-json\/wp\/v2\/product_cat?post=53236"},{"taxonomy":"product_tag","embeddable":true,"href":"https:\/\/megacase.com\/de\/wp-json\/wp\/v2\/product_tag?post=53236"}],"curies":[{"name":"wp","href":"https:\/\/api.w.org\/{rel}","templated":true}]}}