{"id":53235,"date":"2015-07-24T00:00:00","date_gmt":"2015-07-23T22:00:00","guid":{"rendered":"https:\/\/mcx.sunlab.eu\/product\/koffercase-motorola-set-6-x-cp040-6-fach-ladegeraet\/"},"modified":"2026-03-25T15:05:43","modified_gmt":"2026-03-25T14:05:43","slug":"koffercase-motorola-set-6-x-cp040-6-fach-ladegeraet","status":"publish","type":"product","link":"https:\/\/megacase.com\/de\/produkt\/koffercase-motorola-set-6-x-cp040-6-fach-ladegeraet\/","title":{"rendered":"Koffercase  Motorola Set 6 x CP040 + 6-fach Ladeger\u00e4t"},"content":{"rendered":"<p>Koffercase mit Schaumstoffpolsterung und Fachunterteilung  f\u00fcr 6 Motorola Handfunkger\u00e4te Set 6 x CP040 + 6-fach Ladeger\u00e4t<br \/>\n7mm Birkenmultiplex,<br \/>\n30 x 30mm Alukante,<br \/>\nSchaumstoffpolsterung,<br \/>\n2 Overlatch-Verschl\u00fcsse gro\u00df,<br \/>\n2 gefederte Butterfly-Verschl\u00fc\u00dfe mittel,<br \/>\n1 Ledergriff,<br \/>\n8 Stahlkugelecken mittel,<br \/>\nhergestellt in Deutschland<\/p>\n","protected":false},"excerpt":{"rendered":"<p>Koffercase mit Schaumstoffpolsterung und Fachunterteilung f\u00fcr 6 Motorola Handfunkger\u00e4te Set 6 x CP040 + 6-fach Ladeger\u00e4t 7mm Birkenmultiplex, 30 x<\/p>\n","protected":false},"featured_media":24718,"template":"","meta":{"_acf_changed":false},"product_brand":[],"product_cat":[13508],"product_tag":[],"class_list":{"0":"post-53235","1":"product","2":"type-product","3":"status-publish","4":"has-post-thumbnail","6":"product_cat-universal-flightcases","8":"first","9":"instock","10":"taxable","11":"shipping-taxable","12":"purchasable","13":"product-type-simple"},"acf":[],"_links":{"self":[{"href":"https:\/\/megacase.com\/de\/wp-json\/wp\/v2\/product\/53235","targetHints":{"allow":["GET"]}}],"collection":[{"href":"https:\/\/megacase.com\/de\/wp-json\/wp\/v2\/product"}],"about":[{"href":"https:\/\/megacase.com\/de\/wp-json\/wp\/v2\/types\/product"}],"wp:featuredmedia":[{"embeddable":true,"href":"https:\/\/megacase.com\/de\/wp-json\/wp\/v2\/media\/24718"}],"wp:attachment":[{"href":"https:\/\/megacase.com\/de\/wp-json\/wp\/v2\/media?parent=53235"}],"wp:term":[{"taxonomy":"product_brand","embeddable":true,"href":"https:\/\/megacase.com\/de\/wp-json\/wp\/v2\/product_brand?post=53235"},{"taxonomy":"product_cat","embeddable":true,"href":"https:\/\/megacase.com\/de\/wp-json\/wp\/v2\/product_cat?post=53235"},{"taxonomy":"product_tag","embeddable":true,"href":"https:\/\/megacase.com\/de\/wp-json\/wp\/v2\/product_tag?post=53235"}],"curies":[{"name":"wp","href":"https:\/\/api.w.org\/{rel}","templated":true}]}}