{"id":53223,"date":"2015-07-17T00:00:00","date_gmt":"2015-07-16T22:00:00","guid":{"rendered":"https:\/\/mcx.sunlab.eu\/product\/single-door-case-600x230x400-bxtxh\/"},"modified":"2026-03-25T14:55:36","modified_gmt":"2026-03-25T13:55:36","slug":"single-door-case-600x230x400-bxtxh","status":"publish","type":"product","link":"https:\/\/megacase.com\/de\/produkt\/single-door-case-600x230x400-bxtxh\/","title":{"rendered":"Single Door Case 600x230x400 BxTxH"},"content":{"rendered":"<p>Single Door Case mit den Innenma\u00dfen von 600 x 230 x 400 mm BxTxH (Korpustiefe ca. 180mm)<br \/>\n7mm Birkenmultiplex,<br \/>\n25 x 25mm Alukante,<br \/>\nleichte Schaumstoffpolsterung,<br \/>\n4 Gummif\u00fc\u00dfe 25x15mm<br \/>\n2 gefederte Butterfly-Verschl\u00fc\u00dfe,<br \/>\n1 Klappgriff,<br \/>\nStahlkugelecken,<br \/>\nhergestellt in Deutschland<br \/>\nGesmttiefe au\u00dfen nicht gr\u00f6\u00dfer als 250mm<br \/>\nAu\u00dfenma\u00dfe: BxTxH  645x250x450 mm<br \/>\nGewicht. 7,2 kg<\/p>\n","protected":false},"excerpt":{"rendered":"<p>Single Door Case mit den Innenma\u00dfen von 600 x 230 x 400 mm BxTxH (Korpustiefe ca. 180mm) 7mm Birkenmultiplex, 25<\/p>\n","protected":false},"featured_media":94452,"template":"","meta":{"_acf_changed":false},"product_brand":[],"product_cat":[13501],"product_tag":[],"class_list":{"0":"post-53223","1":"product","2":"type-product","3":"status-publish","4":"has-post-thumbnail","6":"product_cat-plasma-cases","8":"first","9":"instock","10":"taxable","11":"shipping-taxable","12":"purchasable","13":"product-type-simple"},"acf":[],"_links":{"self":[{"href":"https:\/\/megacase.com\/de\/wp-json\/wp\/v2\/product\/53223","targetHints":{"allow":["GET"]}}],"collection":[{"href":"https:\/\/megacase.com\/de\/wp-json\/wp\/v2\/product"}],"about":[{"href":"https:\/\/megacase.com\/de\/wp-json\/wp\/v2\/types\/product"}],"wp:featuredmedia":[{"embeddable":true,"href":"https:\/\/megacase.com\/de\/wp-json\/wp\/v2\/media\/94452"}],"wp:attachment":[{"href":"https:\/\/megacase.com\/de\/wp-json\/wp\/v2\/media?parent=53223"}],"wp:term":[{"taxonomy":"product_brand","embeddable":true,"href":"https:\/\/megacase.com\/de\/wp-json\/wp\/v2\/product_brand?post=53223"},{"taxonomy":"product_cat","embeddable":true,"href":"https:\/\/megacase.com\/de\/wp-json\/wp\/v2\/product_cat?post=53223"},{"taxonomy":"product_tag","embeddable":true,"href":"https:\/\/megacase.com\/de\/wp-json\/wp\/v2\/product_tag?post=53223"}],"curies":[{"name":"wp","href":"https:\/\/api.w.org\/{rel}","templated":true}]}}