{"id":53216,"date":"2015-07-10T00:00:00","date_gmt":"2015-07-09T22:00:00","guid":{"rendered":"https:\/\/mcx.sunlab.eu\/product\/koffercase-fuer-beamer-nec-pa722x-mit-15cm-zubehoerfach-und-gummifuessen\/"},"modified":"2026-03-25T14:55:38","modified_gmt":"2026-03-25T13:55:38","slug":"koffercase-fuer-beamer-nec-pa722x-mit-15cm-zubehoerfach-und-gummifuessen","status":"publish","type":"product","link":"https:\/\/megacase.com\/de\/produkt\/koffercase-fuer-beamer-nec-pa722x-mit-15cm-zubehoerfach-und-gummifuessen\/","title":{"rendered":"Koffercase f\u00fcr Beamer NEC PA722X mit 15cm Zubeh\u00f6rfach und Gummif\u00fc\u00dfen"},"content":{"rendered":"<p>7mm Birkenmultiplex phenolharzbeschichtet<br \/>\n25\/25 Alukante<br \/>\n2x Butterfly-Verschluss mittel mit \u00d6se<br \/>\n2x Feststellscharnier mittel<br \/>\n3x Klappgriff mittel<br \/>\n8x Kugelecke<br \/>\n4x Gummifu\u00df 38&#215;20<br \/>\n2cm Schaumstoffpolsterung<br \/>\nInnenausbau 15cm Zubeh\u00f6rfach mit 1cm Polsterung<br \/>\nHergestellt in Deutschland<br \/>\nAu\u00dfenma\u00dfe: BxTxH 790x560x245 mm<br \/>\nGewicht: 12,1 kg<\/p>\n","protected":false},"excerpt":{"rendered":"<p>7mm Birkenmultiplex phenolharzbeschichtet 25\/25 Alukante 2x Butterfly-Verschluss mittel mit \u00d6se 2x Feststellscharnier mittel 3x Klappgriff mittel 8x Kugelecke 4x Gummifu\u00df<\/p>\n","protected":false},"featured_media":94270,"template":"","meta":{"_acf_changed":false},"product_brand":[],"product_cat":[13492,13504,13553],"product_tag":[13930],"class_list":{"0":"post-53216","1":"product","2":"type-product","3":"status-publish","4":"has-post-thumbnail","6":"product_cat-anwendungsgebiete","7":"product_cat-koffer-cases","8":"product_cat-beamercases-und-zubehoer-koffer","9":"product_tag-beamer","11":"first","12":"instock","13":"taxable","14":"shipping-taxable","15":"purchasable","16":"product-type-simple"},"acf":[],"_links":{"self":[{"href":"https:\/\/megacase.com\/de\/wp-json\/wp\/v2\/product\/53216","targetHints":{"allow":["GET"]}}],"collection":[{"href":"https:\/\/megacase.com\/de\/wp-json\/wp\/v2\/product"}],"about":[{"href":"https:\/\/megacase.com\/de\/wp-json\/wp\/v2\/types\/product"}],"wp:featuredmedia":[{"embeddable":true,"href":"https:\/\/megacase.com\/de\/wp-json\/wp\/v2\/media\/94270"}],"wp:attachment":[{"href":"https:\/\/megacase.com\/de\/wp-json\/wp\/v2\/media?parent=53216"}],"wp:term":[{"taxonomy":"product_brand","embeddable":true,"href":"https:\/\/megacase.com\/de\/wp-json\/wp\/v2\/product_brand?post=53216"},{"taxonomy":"product_cat","embeddable":true,"href":"https:\/\/megacase.com\/de\/wp-json\/wp\/v2\/product_cat?post=53216"},{"taxonomy":"product_tag","embeddable":true,"href":"https:\/\/megacase.com\/de\/wp-json\/wp\/v2\/product_tag?post=53216"}],"curies":[{"name":"wp","href":"https:\/\/api.w.org\/{rel}","templated":true}]}}