{"id":53215,"date":"2015-07-09T00:00:00","date_gmt":"2015-07-08T22:00:00","guid":{"rendered":"https:\/\/mcx.sunlab.eu\/product\/truhencase-auf-rollen-ovation-led-flat-pars-6in1-inkl-fach\/"},"modified":"2026-03-25T14:55:38","modified_gmt":"2026-03-25T13:55:38","slug":"truhencase-auf-rollen-ovation-led-flat-pars-6in1-inkl-fach","status":"publish","type":"product","link":"https:\/\/megacase.com\/de\/produkt\/truhencase-auf-rollen-ovation-led-flat-pars-6in1-inkl-fach\/","title":{"rendered":"Truhencase auf Rollen Ovation LED Flat Par\u00b4s 6in1 inkl. Fach"},"content":{"rendered":"<p>Transportcase auf Rollen (gebremst) mit Schaumstoffpolsterung und Fachunterteilung f\u00fcr 6 PAR LED Scheinwerfer mit den Ma\u00dfen von 300x140x295mm BxTxH inkl. einem 15cm breiten Zubeh\u00f6rfach vorne \u00fcber komplette breite;<br \/>\n7mm Birkenmultiplex phenolharzbeschichtet,<br \/>\n30 x 30mm Alukante,<br \/>\nSchaumstoffpolsterung,<br \/>\nFeststellscharniere<br \/>\n2 gefederte Butterfly-Verschl\u00fc\u00dfe,<br \/>\n2 Klappgriffe,<br \/>\nStahlkugelecken,<br \/>\nhergestellt in Deutschland<br \/>\nAu\u00dfenma\u00dfe: BxTxH: 994x555x532 mm,<br \/>\nGewicht: 31,3 kg<\/p>\n","protected":false},"excerpt":{"rendered":"<p>Transportcase auf Rollen (gebremst) mit Schaumstoffpolsterung und Fachunterteilung f\u00fcr 6 PAR LED Scheinwerfer mit den Ma\u00dfen von 300x140x295mm BxTxH inkl.<\/p>\n","protected":false},"featured_media":36549,"template":"","meta":{"_acf_changed":false},"product_brand":[],"product_cat":[13509],"product_tag":[],"class_list":{"0":"post-53215","1":"product","2":"type-product","3":"status-publish","4":"has-post-thumbnail","6":"product_cat-truhen-cases","8":"first","9":"instock","10":"taxable","11":"shipping-taxable","12":"purchasable","13":"product-type-simple"},"acf":[],"_links":{"self":[{"href":"https:\/\/megacase.com\/de\/wp-json\/wp\/v2\/product\/53215","targetHints":{"allow":["GET"]}}],"collection":[{"href":"https:\/\/megacase.com\/de\/wp-json\/wp\/v2\/product"}],"about":[{"href":"https:\/\/megacase.com\/de\/wp-json\/wp\/v2\/types\/product"}],"wp:featuredmedia":[{"embeddable":true,"href":"https:\/\/megacase.com\/de\/wp-json\/wp\/v2\/media\/36549"}],"wp:attachment":[{"href":"https:\/\/megacase.com\/de\/wp-json\/wp\/v2\/media?parent=53215"}],"wp:term":[{"taxonomy":"product_brand","embeddable":true,"href":"https:\/\/megacase.com\/de\/wp-json\/wp\/v2\/product_brand?post=53215"},{"taxonomy":"product_cat","embeddable":true,"href":"https:\/\/megacase.com\/de\/wp-json\/wp\/v2\/product_cat?post=53215"},{"taxonomy":"product_tag","embeddable":true,"href":"https:\/\/megacase.com\/de\/wp-json\/wp\/v2\/product_tag?post=53215"}],"curies":[{"name":"wp","href":"https:\/\/api.w.org\/{rel}","templated":true}]}}