{"id":53179,"date":"2015-06-05T00:00:00","date_gmt":"2015-06-04T22:00:00","guid":{"rendered":"https:\/\/mcx.sunlab.eu\/product\/flightcase-for-55-lb630v-lg-smart-tv\/"},"modified":"2026-03-25T14:55:45","modified_gmt":"2026-03-25T13:55:45","slug":"flightcase-for-55-lb630v-lg-smart-tv","status":"publish","type":"product","link":"https:\/\/megacase.com\/de\/produkt\/flightcase-for-55-lb630v-lg-smart-tv\/","title":{"rendered":"Truhencase LG Smart TV 55 Zoll LB630V"},"content":{"rendered":"<p>Truhencase f\u00fcr einen 55 Zoll TV- Bildschirm von LG Smart LB630V.<br \/>\nDas Ger\u00e4t wird von oben in die passgenaue Schaumstoff-F\u00fchrung<br \/>\ngeschoben und sitzt somit sicher im Case.<\/p>\n<p>6,8 mm Multiplex Phenol braun<br \/>\n30&#215;30 mm Aluminiumkante<br \/>\n8 L-Ecke medium<br \/>\n4 Butterfly mittel<br \/>\n4 Klappgriff medium<br \/>\n8 Stahlkugelecke mittel<br \/>\n4 Lenkrollen, davon 2 gebremst<br \/>\nSchaumstoffpolsterung<\/p>\n<p>hergestellt in Deutschland<br \/>\nAu\u00dfenma\u00dfe:<br \/>\nBxTxH 1305x320x950 mm<br \/>\nGewicht: 27,7 kg<\/p>\n","protected":false},"excerpt":{"rendered":"<p>Truhencase f\u00fcr einen 55 Zoll TV- Bildschirm von LG Smart LB630V. Das Ger\u00e4t wird von oben in die passgenaue Schaumstoff-F\u00fchrung<\/p>\n","protected":false},"featured_media":285184,"template":"","meta":{"_acf_changed":false},"product_brand":[],"product_cat":[13501],"product_tag":[],"class_list":{"0":"post-53179","1":"product","2":"type-product","3":"status-publish","4":"has-post-thumbnail","6":"product_cat-plasma-cases","8":"first","9":"instock","10":"taxable","11":"shipping-taxable","12":"purchasable","13":"product-type-simple"},"acf":[],"_links":{"self":[{"href":"https:\/\/megacase.com\/de\/wp-json\/wp\/v2\/product\/53179","targetHints":{"allow":["GET"]}}],"collection":[{"href":"https:\/\/megacase.com\/de\/wp-json\/wp\/v2\/product"}],"about":[{"href":"https:\/\/megacase.com\/de\/wp-json\/wp\/v2\/types\/product"}],"wp:featuredmedia":[{"embeddable":true,"href":"https:\/\/megacase.com\/de\/wp-json\/wp\/v2\/media\/285184"}],"wp:attachment":[{"href":"https:\/\/megacase.com\/de\/wp-json\/wp\/v2\/media?parent=53179"}],"wp:term":[{"taxonomy":"product_brand","embeddable":true,"href":"https:\/\/megacase.com\/de\/wp-json\/wp\/v2\/product_brand?post=53179"},{"taxonomy":"product_cat","embeddable":true,"href":"https:\/\/megacase.com\/de\/wp-json\/wp\/v2\/product_cat?post=53179"},{"taxonomy":"product_tag","embeddable":true,"href":"https:\/\/megacase.com\/de\/wp-json\/wp\/v2\/product_tag?post=53179"}],"curies":[{"name":"wp","href":"https:\/\/api.w.org\/{rel}","templated":true}]}}