{"id":53139,"date":"2015-04-21T00:00:00","date_gmt":"2015-04-20T22:00:00","guid":{"rendered":"https:\/\/mcx.sunlab.eu\/product\/transportcase-auf-rollen-benq-gl2760h-displays-6in1\/"},"modified":"2026-03-25T14:55:54","modified_gmt":"2026-03-25T13:55:54","slug":"transportcase-auf-rollen-benq-gl2760h-displays-6in1","status":"publish","type":"product","link":"https:\/\/megacase.com\/de\/produkt\/transportcase-auf-rollen-benq-gl2760h-displays-6in1\/","title":{"rendered":"Transportcase auf Rollen benq GL2760H Displays 6in1"},"content":{"rendered":"<p>Transportcase mit Schaumstoffpolsterung  und Fachunterteilung  f\u00fcr 6 Benq GL2760H Displays  und einem 15 cm Zubeh\u00f6rfach f\u00fcr Kabel,<br \/>\n7mm Birkenmultiplex  Farbe Phenolharz beschichtet<br \/>\n2 Butterfly-Verschl\u00fcsse mit \u00d6se;<br \/>\n4 Lenkrollen &#8222;blue Wheels&#8220; (2 gebremst)<br \/>\n30 x 30 mm Alukante,<br \/>\nSchaumstoffpolsterung,<br \/>\n4 Klappgriffe<br \/>\nStahlkugelecken<br \/>\nhergestellt in Deutschland<br \/>\nAu\u00dfenma\u00dfe:  BxHxT 895 x 525 x 615 mm<br \/>\nGewicht: 21,5 kg<\/p>\n","protected":false},"excerpt":{"rendered":"<p>Transportcase mit Schaumstoffpolsterung und Fachunterteilung f\u00fcr 6 Benq GL2760H Displays und einem 15 cm Zubeh\u00f6rfach f\u00fcr Kabel, 7mm Birkenmultiplex Farbe<\/p>\n","protected":false},"featured_media":92302,"template":"","meta":{"_acf_changed":false},"product_brand":[],"product_cat":[13509],"product_tag":[],"class_list":{"0":"post-53139","1":"product","2":"type-product","3":"status-publish","4":"has-post-thumbnail","6":"product_cat-truhen-cases","8":"first","9":"instock","10":"taxable","11":"shipping-taxable","12":"purchasable","13":"product-type-simple"},"acf":[],"_links":{"self":[{"href":"https:\/\/megacase.com\/de\/wp-json\/wp\/v2\/product\/53139","targetHints":{"allow":["GET"]}}],"collection":[{"href":"https:\/\/megacase.com\/de\/wp-json\/wp\/v2\/product"}],"about":[{"href":"https:\/\/megacase.com\/de\/wp-json\/wp\/v2\/types\/product"}],"wp:featuredmedia":[{"embeddable":true,"href":"https:\/\/megacase.com\/de\/wp-json\/wp\/v2\/media\/92302"}],"wp:attachment":[{"href":"https:\/\/megacase.com\/de\/wp-json\/wp\/v2\/media?parent=53139"}],"wp:term":[{"taxonomy":"product_brand","embeddable":true,"href":"https:\/\/megacase.com\/de\/wp-json\/wp\/v2\/product_brand?post=53139"},{"taxonomy":"product_cat","embeddable":true,"href":"https:\/\/megacase.com\/de\/wp-json\/wp\/v2\/product_cat?post=53139"},{"taxonomy":"product_tag","embeddable":true,"href":"https:\/\/megacase.com\/de\/wp-json\/wp\/v2\/product_tag?post=53139"}],"curies":[{"name":"wp","href":"https:\/\/api.w.org\/{rel}","templated":true}]}}