{"id":53125,"date":"2015-04-07T00:00:00","date_gmt":"2015-04-06T22:00:00","guid":{"rendered":"https:\/\/mcx.sunlab.eu\/product\/transportcase-apple-imac-215\/"},"modified":"2026-03-25T14:55:58","modified_gmt":"2026-03-25T13:55:58","slug":"transportcase-apple-imac-215","status":"publish","type":"product","link":"https:\/\/megacase.com\/de\/produkt\/transportcase-apple-imac-215\/","title":{"rendered":"Transportcase Apple iMac 21,5&#8243;"},"content":{"rendered":"<p>ma\u00dfgefertigtes Truhencase f\u00fcr Apple iMac 21,5&#8243; Computer (ab 2012)<br \/>\ninkl. 2 F\u00e4cher f\u00fcr Zubeh\u00f6r wie Tastatur, Maus etc<br \/>\naus 6,5 mm Birkenmultiplex Holz Phenolharz beschichtet<br \/>\nFarbe: braun<br \/>\n25&#215;25 mm Alukante<br \/>\nSchaumstoffpolsterung nach Ma\u00df<br \/>\nNoppenschaumstoff im Deckel<br \/>\n2 gefederte Butterfly-Verschl\u00fcsse medium<br \/>\n1 Klappgriff medium<br \/>\n2 Feststellscharniere<br \/>\n8 Stahlkugelecken medium<br \/>\nhergestellt in Deutschland<br \/>\nAu\u00dfenma\u00dfe: BxTxH 610x245x540 mm<br \/>\nGewicht: 10,7 kg<\/p>\n","protected":false},"excerpt":{"rendered":"<p>ma\u00dfgefertigtes Truhencase f\u00fcr Apple iMac 21,5&#8243; Computer (ab 2012) inkl. 2 F\u00e4cher f\u00fcr Zubeh\u00f6r wie Tastatur, Maus etc aus 6,5<\/p>\n","protected":false},"featured_media":230691,"template":"","meta":{"_acf_changed":false},"product_brand":[],"product_cat":[13576],"product_tag":[14243],"class_list":{"0":"post-53125","1":"product","2":"type-product","3":"status-publish","4":"has-post-thumbnail","6":"product_cat-cases-fuer-computer-und-zubehoer","7":"product_tag-apple","9":"first","10":"instock","11":"taxable","12":"shipping-taxable","13":"purchasable","14":"product-type-simple"},"acf":[],"_links":{"self":[{"href":"https:\/\/megacase.com\/de\/wp-json\/wp\/v2\/product\/53125","targetHints":{"allow":["GET"]}}],"collection":[{"href":"https:\/\/megacase.com\/de\/wp-json\/wp\/v2\/product"}],"about":[{"href":"https:\/\/megacase.com\/de\/wp-json\/wp\/v2\/types\/product"}],"wp:featuredmedia":[{"embeddable":true,"href":"https:\/\/megacase.com\/de\/wp-json\/wp\/v2\/media\/230691"}],"wp:attachment":[{"href":"https:\/\/megacase.com\/de\/wp-json\/wp\/v2\/media?parent=53125"}],"wp:term":[{"taxonomy":"product_brand","embeddable":true,"href":"https:\/\/megacase.com\/de\/wp-json\/wp\/v2\/product_brand?post=53125"},{"taxonomy":"product_cat","embeddable":true,"href":"https:\/\/megacase.com\/de\/wp-json\/wp\/v2\/product_cat?post=53125"},{"taxonomy":"product_tag","embeddable":true,"href":"https:\/\/megacase.com\/de\/wp-json\/wp\/v2\/product_tag?post=53125"}],"curies":[{"name":"wp","href":"https:\/\/api.w.org\/{rel}","templated":true}]}}