{"id":53112,"date":"2015-03-31T00:00:00","date_gmt":"2015-03-30T22:00:00","guid":{"rendered":"https:\/\/mcx.sunlab.eu\/product\/zubehoercase-1050-x-220-x-750mm-bxtxh-fachinnenmass\/"},"modified":"2026-03-25T14:56:00","modified_gmt":"2026-03-25T13:56:00","slug":"zubehoercase-1050-x-220-x-750mm-bxtxh-fachinnenmass","status":"publish","type":"product","link":"https:\/\/megacase.com\/de\/produkt\/zubehoercase-1050-x-220-x-750mm-bxtxh-fachinnenmass\/","title":{"rendered":"Zubeh\u00f6rcase 1050 x 220 x 750mm BxTxH (Fachinnenma\u00df)"},"content":{"rendered":"<p>Zubeh\u00f6rcase , Deckel abnehmbar, Butterfly mit \u00d6se zum abschlie\u00dfen und einer Fachunterteilung  mit den Innenma\u00dfen von 1050 x 220 x 750mm BxTxH (Fachinnenma\u00df);<br \/>\n7mm Birkenmultiplex,<br \/>\n30 x 30mm Alukante,<br \/>\n4 gefederte Butterfly-Verschl\u00fc\u00dfe,<br \/>\n6 Klappgriffe,<br \/>\nStahlkugelecken,<br \/>\nhergestellt in Deutschland<\/p>\n","protected":false},"excerpt":{"rendered":"<p>Zubeh\u00f6rcase , Deckel abnehmbar, Butterfly mit \u00d6se zum abschlie\u00dfen und einer Fachunterteilung mit den Innenma\u00dfen von 1050 x 220 x<\/p>\n","protected":false},"featured_media":25025,"template":"","meta":{"_acf_changed":false},"product_brand":[],"product_cat":[13494],"product_tag":[],"class_list":{"0":"post-53112","1":"product","2":"type-product","3":"status-publish","4":"has-post-thumbnail","6":"product_cat-custom-cases","8":"first","9":"instock","10":"taxable","11":"shipping-taxable","12":"purchasable","13":"product-type-simple"},"acf":[],"_links":{"self":[{"href":"https:\/\/megacase.com\/de\/wp-json\/wp\/v2\/product\/53112","targetHints":{"allow":["GET"]}}],"collection":[{"href":"https:\/\/megacase.com\/de\/wp-json\/wp\/v2\/product"}],"about":[{"href":"https:\/\/megacase.com\/de\/wp-json\/wp\/v2\/types\/product"}],"wp:featuredmedia":[{"embeddable":true,"href":"https:\/\/megacase.com\/de\/wp-json\/wp\/v2\/media\/25025"}],"wp:attachment":[{"href":"https:\/\/megacase.com\/de\/wp-json\/wp\/v2\/media?parent=53112"}],"wp:term":[{"taxonomy":"product_brand","embeddable":true,"href":"https:\/\/megacase.com\/de\/wp-json\/wp\/v2\/product_brand?post=53112"},{"taxonomy":"product_cat","embeddable":true,"href":"https:\/\/megacase.com\/de\/wp-json\/wp\/v2\/product_cat?post=53112"},{"taxonomy":"product_tag","embeddable":true,"href":"https:\/\/megacase.com\/de\/wp-json\/wp\/v2\/product_tag?post=53112"}],"curies":[{"name":"wp","href":"https:\/\/api.w.org\/{rel}","templated":true}]}}