{"id":53105,"date":"2015-03-26T00:00:00","date_gmt":"2015-03-25T23:00:00","guid":{"rendered":"https:\/\/mcx.sunlab.eu\/product\/koffercase-24-tft-monitor-variabel-bxtxh-60-x-29-x-48cm\/"},"modified":"2026-03-25T14:56:05","modified_gmt":"2026-03-25T13:56:05","slug":"koffercase-24-tft-monitor-variabel-bxtxh-60-x-29-x-48cm","status":"publish","type":"product","link":"https:\/\/megacase.com\/de\/produkt\/koffercase-24-tft-monitor-variabel-bxtxh-60-x-29-x-48cm\/","title":{"rendered":"Koffercase 24&#8243; TFT Monitor variabel BxTxH 60 x 29 x 48cm"},"content":{"rendered":"<p>variables Transportcase f\u00fcr 22 &#8211; 24&#8243; Monitore<br \/>\nuniversell f\u00fcr alle g\u00e4ngigen Ger\u00e4te   durch eingefr\u00e4stes Raster ist die Gr\u00f6\u00dfe variabel einstellbar<br \/>\nSt\u00fctzbretter sind mit Schaumstoff beklebt<br \/>\nmax Ger\u00e4tema\u00dfe BxTxH 60 x 29 x 48cm<br \/>\n7mm Birkenmultiplex<br \/>\n22 x 22mm Alukante<br \/>\nmind. 1cm Schaumstoffpolsterung<br \/>\n2 gefederte Butterfly-Verschlu\u00df medium<br \/>\n1 Klappgriff<br \/>\nkleine Stahlkugelecken<br \/>\nhegestellt in Deutschland<br \/>\nAu\u00dfenma\u00dfe des Koffers ca. 67 x 35,5 x 56,5<br \/>\nGewicht ca. 12,5 kg<\/p>\n","protected":false},"excerpt":{"rendered":"<p>variables Transportcase f\u00fcr 22 &#8211; 24&#8243; Monitore universell f\u00fcr alle g\u00e4ngigen Ger\u00e4te durch eingefr\u00e4stes Raster ist die Gr\u00f6\u00dfe variabel einstellbar<\/p>\n","protected":false},"featured_media":25038,"template":"","meta":{"_acf_changed":false},"product_brand":[],"product_cat":[13504],"product_tag":[],"class_list":{"0":"post-53105","1":"product","2":"type-product","3":"status-publish","4":"has-post-thumbnail","6":"product_cat-koffer-cases","8":"first","9":"instock","10":"taxable","11":"shipping-taxable","12":"purchasable","13":"product-type-simple"},"acf":[],"_links":{"self":[{"href":"https:\/\/megacase.com\/de\/wp-json\/wp\/v2\/product\/53105","targetHints":{"allow":["GET"]}}],"collection":[{"href":"https:\/\/megacase.com\/de\/wp-json\/wp\/v2\/product"}],"about":[{"href":"https:\/\/megacase.com\/de\/wp-json\/wp\/v2\/types\/product"}],"wp:featuredmedia":[{"embeddable":true,"href":"https:\/\/megacase.com\/de\/wp-json\/wp\/v2\/media\/25038"}],"wp:attachment":[{"href":"https:\/\/megacase.com\/de\/wp-json\/wp\/v2\/media?parent=53105"}],"wp:term":[{"taxonomy":"product_brand","embeddable":true,"href":"https:\/\/megacase.com\/de\/wp-json\/wp\/v2\/product_brand?post=53105"},{"taxonomy":"product_cat","embeddable":true,"href":"https:\/\/megacase.com\/de\/wp-json\/wp\/v2\/product_cat?post=53105"},{"taxonomy":"product_tag","embeddable":true,"href":"https:\/\/megacase.com\/de\/wp-json\/wp\/v2\/product_tag?post=53105"}],"curies":[{"name":"wp","href":"https:\/\/api.w.org\/{rel}","templated":true}]}}