{"id":53097,"date":"2015-03-20T00:00:00","date_gmt":"2015-03-19T23:00:00","guid":{"rendered":"https:\/\/mcx.sunlab.eu\/product\/flightcase-mit-drei-faechern-fuer-beamer-receiver-und-sat-receiver\/"},"modified":"2026-03-25T14:56:06","modified_gmt":"2026-03-25T13:56:06","slug":"flightcase-mit-drei-faechern-fuer-beamer-receiver-und-sat-receiver","status":"publish","type":"product","link":"https:\/\/megacase.com\/de\/produkt\/flightcase-mit-drei-faechern-fuer-beamer-receiver-und-sat-receiver\/","title":{"rendered":"Flightcase mit drei F\u00e4chern f\u00fcr Beamer Receiver und Sat Receiver"},"content":{"rendered":"<p>Ma\u00dfe: 470 x 200 x 360 mm  Receiver  Ma\u00dfe: 400 x 220 x 60 mm  Sat Receiver  Ma\u00dfe: 350 x 235 x 55 m<br \/>\n7mm Birkenmultiplex phenolharzbeschichtet<br \/>\n2x Butterfly-Verschluss<br \/>\n2x Deckelscharnier<br \/>\n4x Klappgriff<br \/>\n1cm Schaumstoffpolsterung<br \/>\nStahlkugelecken<br \/>\nHergestellt in Deutschland<\/p>\n","protected":false},"excerpt":{"rendered":"<p>Ma\u00dfe: 470 x 200 x 360 mm Receiver Ma\u00dfe: 400 x 220 x 60 mm Sat Receiver Ma\u00dfe: 350 x<\/p>\n","protected":false},"featured_media":25058,"template":"","meta":{"_acf_changed":false},"product_brand":[],"product_cat":[13492,13508,13553],"product_tag":[],"class_list":{"0":"post-53097","1":"product","2":"type-product","3":"status-publish","4":"has-post-thumbnail","6":"product_cat-anwendungsgebiete","7":"product_cat-universal-flightcases","8":"product_cat-beamercases-und-zubehoer-koffer","10":"first","11":"instock","12":"taxable","13":"shipping-taxable","14":"purchasable","15":"product-type-simple"},"acf":[],"_links":{"self":[{"href":"https:\/\/megacase.com\/de\/wp-json\/wp\/v2\/product\/53097","targetHints":{"allow":["GET"]}}],"collection":[{"href":"https:\/\/megacase.com\/de\/wp-json\/wp\/v2\/product"}],"about":[{"href":"https:\/\/megacase.com\/de\/wp-json\/wp\/v2\/types\/product"}],"wp:featuredmedia":[{"embeddable":true,"href":"https:\/\/megacase.com\/de\/wp-json\/wp\/v2\/media\/25058"}],"wp:attachment":[{"href":"https:\/\/megacase.com\/de\/wp-json\/wp\/v2\/media?parent=53097"}],"wp:term":[{"taxonomy":"product_brand","embeddable":true,"href":"https:\/\/megacase.com\/de\/wp-json\/wp\/v2\/product_brand?post=53097"},{"taxonomy":"product_cat","embeddable":true,"href":"https:\/\/megacase.com\/de\/wp-json\/wp\/v2\/product_cat?post=53097"},{"taxonomy":"product_tag","embeddable":true,"href":"https:\/\/megacase.com\/de\/wp-json\/wp\/v2\/product_tag?post=53097"}],"curies":[{"name":"wp","href":"https:\/\/api.w.org\/{rel}","templated":true}]}}