{"id":53085,"date":"2015-03-09T00:00:00","date_gmt":"2015-03-08T23:00:00","guid":{"rendered":"https:\/\/mcx.sunlab.eu\/product\/4he-eco-ii-compact-rack\/"},"modified":"2026-04-09T12:54:28","modified_gmt":"2026-04-09T10:54:28","slug":"4he-eco-ii-compact-rack","status":"publish","type":"product","link":"https:\/\/megacase.com\/de\/produkt\/4he-eco-ii-compact-rack\/","title":{"rendered":"4HE ECO II compact Rack"},"content":{"rendered":"<p>Nutzh\u00f6he 4HE  Einbautiefe 24cm  7mm Doppelsteg-Kunststoff,<br \/>\n22&#215;22 \/ 25x25mm Alukante<br \/>\n4xSchnappschl\u00f6sser,<br \/>\n1x Koffergriff<br \/>\n4x Gummif\u00fc\u00dfe<br \/>\nkleine Stahlkugelecken<br \/>\nstufenlose Rackschiene,<br \/>\nincl. Schraubensatz<br \/>\nAu\u00dfenma\u00dfe ca. BxTxH  53,5&#215;33,5&#215;22,5<br \/>\nGewicht ca. 4kg<\/p>\n","protected":false},"excerpt":{"rendered":"<p>Nutzh\u00f6he 4HE Einbautiefe 24cm 7mm Doppelsteg-Kunststoff, 22&#215;22 \/ 25x25mm Alukante 4xSchnappschl\u00f6sser, 1x Koffergriff 4x Gummif\u00fc\u00dfe kleine Stahlkugelecken stufenlose Rackschiene, incl.<\/p>\n","protected":false},"featured_media":25084,"template":"","meta":{"_acf_changed":false},"product_brand":[],"product_cat":[13510],"product_tag":[],"class_list":{"0":"post-53085","1":"product","2":"type-product","3":"status-publish","4":"has-post-thumbnail","6":"product_cat-racks","8":"first","9":"instock","10":"taxable","11":"shipping-taxable","12":"purchasable","13":"product-type-simple"},"acf":[],"_links":{"self":[{"href":"https:\/\/megacase.com\/de\/wp-json\/wp\/v2\/product\/53085","targetHints":{"allow":["GET"]}}],"collection":[{"href":"https:\/\/megacase.com\/de\/wp-json\/wp\/v2\/product"}],"about":[{"href":"https:\/\/megacase.com\/de\/wp-json\/wp\/v2\/types\/product"}],"wp:featuredmedia":[{"embeddable":true,"href":"https:\/\/megacase.com\/de\/wp-json\/wp\/v2\/media\/25084"}],"wp:attachment":[{"href":"https:\/\/megacase.com\/de\/wp-json\/wp\/v2\/media?parent=53085"}],"wp:term":[{"taxonomy":"product_brand","embeddable":true,"href":"https:\/\/megacase.com\/de\/wp-json\/wp\/v2\/product_brand?post=53085"},{"taxonomy":"product_cat","embeddable":true,"href":"https:\/\/megacase.com\/de\/wp-json\/wp\/v2\/product_cat?post=53085"},{"taxonomy":"product_tag","embeddable":true,"href":"https:\/\/megacase.com\/de\/wp-json\/wp\/v2\/product_tag?post=53085"}],"curies":[{"name":"wp","href":"https:\/\/api.w.org\/{rel}","templated":true}]}}