{"id":53082,"date":"2015-03-06T00:00:00","date_gmt":"2015-03-05T23:00:00","guid":{"rendered":"https:\/\/mcx.sunlab.eu\/product\/inlay-gefraesst-96-x-26-x-18-cm-20-fraessungen-fuer-ipad-air\/"},"modified":"2026-03-25T14:59:56","modified_gmt":"2026-03-25T13:59:56","slug":"inlay-gefraesst-96-x-26-x-18-cm-20-fraessungen-fuer-ipad-air","status":"publish","type":"product","link":"https:\/\/megacase.com\/de\/produkt\/inlay-gefraesst-96-x-26-x-18-cm-20-fraessungen-fuer-ipad-air\/","title":{"rendered":"Inlay gefr\u00e4\u00dft 96 x 26 x 18 cm 20 Fr\u00e4\u00dfungen f\u00fcr iPad Air"},"content":{"rendered":"<p>Inlay gefr\u00e4\u00dft 96 x 26 x 18 cm 20 Fr\u00e4\u00dfungen f\u00fcr iPad Air  iPad Air 240 x 169,5 x 6,1 mm<\/p>\n","protected":false},"excerpt":{"rendered":"<p>Inlay gefr\u00e4\u00dft 96 x 26 x 18 cm 20 Fr\u00e4\u00dfungen f\u00fcr iPad Air iPad Air 240 x 169,5 x 6,1<\/p>\n","protected":false},"featured_media":37038,"template":"","meta":{"_acf_changed":false},"product_brand":[],"product_cat":[13508],"product_tag":[],"class_list":{"0":"post-53082","1":"product","2":"type-product","3":"status-publish","4":"has-post-thumbnail","6":"product_cat-universal-flightcases","8":"first","9":"instock","10":"taxable","11":"shipping-taxable","12":"purchasable","13":"product-type-simple"},"acf":[],"_links":{"self":[{"href":"https:\/\/megacase.com\/de\/wp-json\/wp\/v2\/product\/53082","targetHints":{"allow":["GET"]}}],"collection":[{"href":"https:\/\/megacase.com\/de\/wp-json\/wp\/v2\/product"}],"about":[{"href":"https:\/\/megacase.com\/de\/wp-json\/wp\/v2\/types\/product"}],"wp:featuredmedia":[{"embeddable":true,"href":"https:\/\/megacase.com\/de\/wp-json\/wp\/v2\/media\/37038"}],"wp:attachment":[{"href":"https:\/\/megacase.com\/de\/wp-json\/wp\/v2\/media?parent=53082"}],"wp:term":[{"taxonomy":"product_brand","embeddable":true,"href":"https:\/\/megacase.com\/de\/wp-json\/wp\/v2\/product_brand?post=53082"},{"taxonomy":"product_cat","embeddable":true,"href":"https:\/\/megacase.com\/de\/wp-json\/wp\/v2\/product_cat?post=53082"},{"taxonomy":"product_tag","embeddable":true,"href":"https:\/\/megacase.com\/de\/wp-json\/wp\/v2\/product_tag?post=53082"}],"curies":[{"name":"wp","href":"https:\/\/api.w.org\/{rel}","templated":true}]}}