{"id":53061,"date":"2015-02-17T00:00:00","date_gmt":"2015-02-16T23:00:00","guid":{"rendered":"https:\/\/mcx.sunlab.eu\/product\/11he-profi-shockmount-double-door-rack-93cm-tief-75cm-einbautiefe\/"},"modified":"2026-03-25T14:50:57","modified_gmt":"2026-03-25T13:50:57","slug":"11he-profi-shockmount-double-door-rack-93cm-tief-75cm-einbautiefe","status":"publish","type":"product","link":"https:\/\/megacase.com\/de\/produkt\/11he-profi-shockmount-double-door-rack-93cm-tief-75cm-einbautiefe\/","title":{"rendered":"11HE Profi  Shockmount Double Door Rack  93cm tief 75cm Einbautiefe"},"content":{"rendered":"<p>Shockmount vorne und hinten 7,5c m ab Hybridkante nach Innen versetzt  L\u00fcftungsgitter Lochblech im Deckel vorne und hinten<br \/>\n9 mm Birkenmultiplex  Farbe grau<br \/>\ngestanzte Doppelrackschiene vorne und hinten  Shockmountrahmen<br \/>\n4 x Klappgriff<br \/>\n8 x Butterfly mit \u00d6se f\u00fcr Vorh\u00e4ngeschloss<br \/>\n4 x Lenkrolle (davon 2 x gebremst)<br \/>\nhergestellt in Deutschland<br \/>\nAu\u00dfenma\u00dfe: BxTxH 620 x 1090 x 755 mm<br \/>\nGewicht:46,9 kg<\/p>\n","protected":false},"excerpt":{"rendered":"<p>Shockmount vorne und hinten 7,5c m ab Hybridkante nach Innen versetzt L\u00fcftungsgitter Lochblech im Deckel vorne und hinten 9 mm<\/p>\n","protected":false},"featured_media":25152,"template":"","meta":{"_acf_changed":false},"product_brand":[],"product_cat":[13510],"product_tag":[14027],"class_list":{"0":"post-53061","1":"product","2":"type-product","3":"status-publish","4":"has-post-thumbnail","6":"product_cat-racks","7":"product_tag-shockmount","9":"first","10":"instock","11":"taxable","12":"shipping-taxable","13":"purchasable","14":"product-type-simple"},"acf":[],"_links":{"self":[{"href":"https:\/\/megacase.com\/de\/wp-json\/wp\/v2\/product\/53061","targetHints":{"allow":["GET"]}}],"collection":[{"href":"https:\/\/megacase.com\/de\/wp-json\/wp\/v2\/product"}],"about":[{"href":"https:\/\/megacase.com\/de\/wp-json\/wp\/v2\/types\/product"}],"wp:featuredmedia":[{"embeddable":true,"href":"https:\/\/megacase.com\/de\/wp-json\/wp\/v2\/media\/25152"}],"wp:attachment":[{"href":"https:\/\/megacase.com\/de\/wp-json\/wp\/v2\/media?parent=53061"}],"wp:term":[{"taxonomy":"product_brand","embeddable":true,"href":"https:\/\/megacase.com\/de\/wp-json\/wp\/v2\/product_brand?post=53061"},{"taxonomy":"product_cat","embeddable":true,"href":"https:\/\/megacase.com\/de\/wp-json\/wp\/v2\/product_cat?post=53061"},{"taxonomy":"product_tag","embeddable":true,"href":"https:\/\/megacase.com\/de\/wp-json\/wp\/v2\/product_tag?post=53061"}],"curies":[{"name":"wp","href":"https:\/\/api.w.org\/{rel}","templated":true}]}}