{"id":53058,"date":"2015-02-11T00:00:00","date_gmt":"2015-02-10T23:00:00","guid":{"rendered":"https:\/\/mcx.sunlab.eu\/product\/haubencase-stairville-sh-150\/"},"modified":"2026-03-25T14:50:58","modified_gmt":"2026-03-25T13:50:58","slug":"haubencase-stairville-sh-150","status":"publish","type":"product","link":"https:\/\/megacase.com\/de\/produkt\/haubencase-stairville-sh-150\/","title":{"rendered":"Haubencase Stairville SH-150"},"content":{"rendered":"<p>Haubencase mit Schaumstoffpolsterung  f\u00fcr eine Stairville SH-150;<br \/>\n7mm Birkenmultiplex,<br \/>\n25 x 25mm Alukante,<br \/>\nSchaumstoffpolsterung,<br \/>\nGummif\u00fc\u00dfe<br \/>\n2 gefederte Butterfly-Verschl\u00fc\u00dfe,<br \/>\n1 Riemengriff,<br \/>\nStahlkugelecken,<br \/>\nhergestellt in Deutschland<\/p>\n","protected":false},"excerpt":{"rendered":"<p>Haubencase mit Schaumstoffpolsterung f\u00fcr eine Stairville SH-150; 7mm Birkenmultiplex, 25 x 25mm Alukante, Schaumstoffpolsterung, Gummif\u00fc\u00dfe 2 gefederte Butterfly-Verschl\u00fc\u00dfe, 1 Riemengriff,<\/p>\n","protected":false},"featured_media":25158,"template":"","meta":{"_acf_changed":false},"product_brand":[],"product_cat":[13494],"product_tag":[],"class_list":{"0":"post-53058","1":"product","2":"type-product","3":"status-publish","4":"has-post-thumbnail","6":"product_cat-custom-cases","8":"first","9":"instock","10":"taxable","11":"shipping-taxable","12":"purchasable","13":"product-type-simple"},"acf":[],"_links":{"self":[{"href":"https:\/\/megacase.com\/de\/wp-json\/wp\/v2\/product\/53058","targetHints":{"allow":["GET"]}}],"collection":[{"href":"https:\/\/megacase.com\/de\/wp-json\/wp\/v2\/product"}],"about":[{"href":"https:\/\/megacase.com\/de\/wp-json\/wp\/v2\/types\/product"}],"wp:featuredmedia":[{"embeddable":true,"href":"https:\/\/megacase.com\/de\/wp-json\/wp\/v2\/media\/25158"}],"wp:attachment":[{"href":"https:\/\/megacase.com\/de\/wp-json\/wp\/v2\/media?parent=53058"}],"wp:term":[{"taxonomy":"product_brand","embeddable":true,"href":"https:\/\/megacase.com\/de\/wp-json\/wp\/v2\/product_brand?post=53058"},{"taxonomy":"product_cat","embeddable":true,"href":"https:\/\/megacase.com\/de\/wp-json\/wp\/v2\/product_cat?post=53058"},{"taxonomy":"product_tag","embeddable":true,"href":"https:\/\/megacase.com\/de\/wp-json\/wp\/v2\/product_tag?post=53058"}],"curies":[{"name":"wp","href":"https:\/\/api.w.org\/{rel}","templated":true}]}}