{"id":53048,"date":"2015-02-03T00:00:00","date_gmt":"2015-02-02T23:00:00","guid":{"rendered":"https:\/\/mcx.sunlab.eu\/product\/26he-heavy-shockmount-rack-auf-rollen-80tief\/"},"modified":"2026-03-25T14:51:00","modified_gmt":"2026-03-25T13:51:00","slug":"26he-heavy-shockmount-rack-auf-rollen-80tief","status":"publish","type":"product","link":"https:\/\/megacase.com\/de\/produkt\/26he-heavy-shockmount-rack-auf-rollen-80tief\/","title":{"rendered":"26HE Heavy Shockmount Rack auf Rollen 80tief"},"content":{"rendered":"<p>26HE Heavy Shockmount Rack auf Rollen (2x gebremst)   mit einer Einbautiefe von 800 mm;<br \/>\n9 mm Birkenmultiplex,  Farbe phenol<br \/>\n35 x 35 mm Alukante,<br \/>\nstufenlose Rackschiene vorne und hinten,<br \/>\n4 gro\u00dfe gefederte Butterfly-Verschl\u00fc\u00dfe,<br \/>\n4 Klappgriffe,<br \/>\nAluwinkel oben und unten<br \/>\nStahlkugelecken,<br \/>\nhergestellt in Deutschland<br \/>\nAu\u00dfenma\u00dfe: BxTxH 1050 x 620 x 1430 mm,<br \/>\nGewicht: 73 kg<\/p>\n","protected":false},"excerpt":{"rendered":"<p>26HE Heavy Shockmount Rack auf Rollen (2x gebremst) mit einer Einbautiefe von 800 mm; 9 mm Birkenmultiplex, Farbe phenol 35<\/p>\n","protected":false},"featured_media":25180,"template":"","meta":{"_acf_changed":false},"product_brand":[],"product_cat":[13510],"product_tag":[14027],"class_list":{"0":"post-53048","1":"product","2":"type-product","3":"status-publish","4":"has-post-thumbnail","6":"product_cat-racks","7":"product_tag-shockmount","9":"first","10":"instock","11":"taxable","12":"shipping-taxable","13":"purchasable","14":"product-type-simple"},"acf":[],"_links":{"self":[{"href":"https:\/\/megacase.com\/de\/wp-json\/wp\/v2\/product\/53048","targetHints":{"allow":["GET"]}}],"collection":[{"href":"https:\/\/megacase.com\/de\/wp-json\/wp\/v2\/product"}],"about":[{"href":"https:\/\/megacase.com\/de\/wp-json\/wp\/v2\/types\/product"}],"wp:featuredmedia":[{"embeddable":true,"href":"https:\/\/megacase.com\/de\/wp-json\/wp\/v2\/media\/25180"}],"wp:attachment":[{"href":"https:\/\/megacase.com\/de\/wp-json\/wp\/v2\/media?parent=53048"}],"wp:term":[{"taxonomy":"product_brand","embeddable":true,"href":"https:\/\/megacase.com\/de\/wp-json\/wp\/v2\/product_brand?post=53048"},{"taxonomy":"product_cat","embeddable":true,"href":"https:\/\/megacase.com\/de\/wp-json\/wp\/v2\/product_cat?post=53048"},{"taxonomy":"product_tag","embeddable":true,"href":"https:\/\/megacase.com\/de\/wp-json\/wp\/v2\/product_tag?post=53048"}],"curies":[{"name":"wp","href":"https:\/\/api.w.org\/{rel}","templated":true}]}}