{"id":53038,"date":"2015-01-28T00:00:00","date_gmt":"2015-01-27T23:00:00","guid":{"rendered":"https:\/\/mcx.sunlab.eu\/product\/double-door-amp-case-weiss-marshall-jcm-800-mesa-boogie-dc-5\/"},"modified":"2026-03-25T14:51:03","modified_gmt":"2026-03-25T13:51:03","slug":"double-door-amp-case-weiss-marshall-jcm-800-mesa-boogie-dc-5","status":"publish","type":"product","link":"https:\/\/megacase.com\/de\/produkt\/double-door-amp-case-weiss-marshall-jcm-800-mesa-boogie-dc-5\/","title":{"rendered":"Double-Door Amp Case wei\u00df Marshall JCM-800 Mesa Boogie DC-5"},"content":{"rendered":"<p>Double-Door Amp Case in wei\u00df  mit Schaumstoffpolsterung und Fachunterteilung  f\u00fcr ein Marshall JCM-800 unten und einen Mesa Boogie DC-5;<br \/>\naus 7 mm Birkenmultiplex,   Farbe wei\u00df<br \/>\n30 x 30mm Alukante,<br \/>\nSchaumstoffpolsterung,<br \/>\nRutschleisten unten<br \/>\n8 gefederte Butterfly-Verschl\u00fc\u00dfe,<br \/>\n2 Klappgriffe,<br \/>\nStahlkugelecken,<br \/>\nhergestellt in Deutschland,<br \/>\nAu\u00dfenma\u00dfe: BxTxH 470 x 845 x 675 mm,<br \/>\nGewicht: 20,5 kg<\/p>\n","protected":false},"excerpt":{"rendered":"<p>Double-Door Amp Case in wei\u00df mit Schaumstoffpolsterung und Fachunterteilung f\u00fcr ein Marshall JCM-800 unten und einen Mesa Boogie DC-5; aus<\/p>\n","protected":false},"featured_media":25202,"template":"","meta":{"_acf_changed":false},"product_brand":[],"product_cat":[13499],"product_tag":[],"class_list":{"0":"post-53038","1":"product","2":"type-product","3":"status-publish","4":"has-post-thumbnail","6":"product_cat-amp-cases","8":"first","9":"instock","10":"taxable","11":"shipping-taxable","12":"purchasable","13":"product-type-simple"},"acf":[],"_links":{"self":[{"href":"https:\/\/megacase.com\/de\/wp-json\/wp\/v2\/product\/53038","targetHints":{"allow":["GET"]}}],"collection":[{"href":"https:\/\/megacase.com\/de\/wp-json\/wp\/v2\/product"}],"about":[{"href":"https:\/\/megacase.com\/de\/wp-json\/wp\/v2\/types\/product"}],"wp:featuredmedia":[{"embeddable":true,"href":"https:\/\/megacase.com\/de\/wp-json\/wp\/v2\/media\/25202"}],"wp:attachment":[{"href":"https:\/\/megacase.com\/de\/wp-json\/wp\/v2\/media?parent=53038"}],"wp:term":[{"taxonomy":"product_brand","embeddable":true,"href":"https:\/\/megacase.com\/de\/wp-json\/wp\/v2\/product_brand?post=53038"},{"taxonomy":"product_cat","embeddable":true,"href":"https:\/\/megacase.com\/de\/wp-json\/wp\/v2\/product_cat?post=53038"},{"taxonomy":"product_tag","embeddable":true,"href":"https:\/\/megacase.com\/de\/wp-json\/wp\/v2\/product_tag?post=53038"}],"curies":[{"name":"wp","href":"https:\/\/api.w.org\/{rel}","templated":true}]}}