{"id":53032,"date":"2015-01-23T00:00:00","date_gmt":"2015-01-22T23:00:00","guid":{"rendered":"https:\/\/mcx.sunlab.eu\/product\/koffercase-silber-ipad-air-2-im-smart-case-5in1-inkl-fach\/"},"modified":"2026-03-25T14:51:04","modified_gmt":"2026-03-25T13:51:04","slug":"koffercase-silber-ipad-air-2-im-smart-case-5in1-inkl-fach","status":"publish","type":"product","link":"https:\/\/megacase.com\/de\/produkt\/koffercase-silber-ipad-air-2-im-smart-case-5in1-inkl-fach\/","title":{"rendered":"Koffercase silber iPad Air 2 im Smart Case 5in1 inkl. Fach"},"content":{"rendered":"<p>ma\u00dfgefertigtes Koffercase in silber inkl. Zubeh\u00f6rfach   f\u00fcr 5 iPad Air 2 im Smart Case;<br \/>\naus 7 mm Birkenmultiplex   Farbe blau,<br \/>\n25 x 25 mm Alukante,<br \/>\nSchaumstoffpolsterung   teilweise gefr\u00e4st,<br \/>\n2 Schnappschl\u00f6sser,<br \/>\n2 Scharniere,<br \/>\n1 Gewebegriff<br \/>\nZubeh\u00f6rfach gepolstert,<br \/>\nhergestellt in Deutschland,<br \/>\nAu\u00dfenma\u00dfe ca. BxTxH 375 x 410 x 260 mm,<br \/>\nGewicht: 5,6 kg<\/p>\n","protected":false},"excerpt":{"rendered":"<p>ma\u00dfgefertigtes Koffercase in silber inkl. Zubeh\u00f6rfach f\u00fcr 5 iPad Air 2 im Smart Case; aus 7 mm Birkenmultiplex Farbe blau,<\/p>\n","protected":false},"featured_media":25214,"template":"","meta":{"_acf_changed":false},"product_brand":[],"product_cat":[13504],"product_tag":[],"class_list":{"0":"post-53032","1":"product","2":"type-product","3":"status-publish","4":"has-post-thumbnail","6":"product_cat-koffer-cases","8":"first","9":"instock","10":"taxable","11":"shipping-taxable","12":"purchasable","13":"product-type-simple"},"acf":[],"_links":{"self":[{"href":"https:\/\/megacase.com\/de\/wp-json\/wp\/v2\/product\/53032","targetHints":{"allow":["GET"]}}],"collection":[{"href":"https:\/\/megacase.com\/de\/wp-json\/wp\/v2\/product"}],"about":[{"href":"https:\/\/megacase.com\/de\/wp-json\/wp\/v2\/types\/product"}],"wp:featuredmedia":[{"embeddable":true,"href":"https:\/\/megacase.com\/de\/wp-json\/wp\/v2\/media\/25214"}],"wp:attachment":[{"href":"https:\/\/megacase.com\/de\/wp-json\/wp\/v2\/media?parent=53032"}],"wp:term":[{"taxonomy":"product_brand","embeddable":true,"href":"https:\/\/megacase.com\/de\/wp-json\/wp\/v2\/product_brand?post=53032"},{"taxonomy":"product_cat","embeddable":true,"href":"https:\/\/megacase.com\/de\/wp-json\/wp\/v2\/product_cat?post=53032"},{"taxonomy":"product_tag","embeddable":true,"href":"https:\/\/megacase.com\/de\/wp-json\/wp\/v2\/product_tag?post=53032"}],"curies":[{"name":"wp","href":"https:\/\/api.w.org\/{rel}","templated":true}]}}