{"id":53008,"date":"2014-12-23T00:00:00","date_gmt":"2014-12-22T23:00:00","guid":{"rendered":"https:\/\/mcx.sunlab.eu\/product\/kofferflightcase-eco-innenmasse-416-x-353-x-120mm-mit-inlay-fuer-handscanner\/"},"modified":"2026-03-25T14:51:10","modified_gmt":"2026-03-25T13:51:10","slug":"kofferflightcase-eco-innenmasse-416-x-353-x-120mm-mit-inlay-fuer-handscanner","status":"publish","type":"product","link":"https:\/\/megacase.com\/de\/produkt\/kofferflightcase-eco-innenmasse-416-x-353-x-120mm-mit-inlay-fuer-handscanner\/","title":{"rendered":"Kofferflightcase Eco Innenma\u00dfe 416 x 353 x 120mm mit Inlay f\u00fcr Handscanner"},"content":{"rendered":"<p>Koffer Case f\u00fcr 10 Motorola MC 65 Handscanner mit gefr\u00e4stem Inlay  aus 7 mm Birkenmultiplex   Farbe Phenol<br \/>\ngefr\u00e4stes Schaumstoffinlay im Unterteil<br \/>\nSchaumstoffpolster im Deckel<br \/>\n22 x 22 mm Alukanten<br \/>\n2 x Schnapp-Verschluss<br \/>\n1 x Geweberiemengriff<br \/>\n2 x Deckelscharnier Feststeller<br \/>\nSchaumstoffinlay f\u00fcr 10 Scanner<br \/>\nStahlkugelecken<br \/>\nHergestellt in Deutschland<br \/>\nAu\u00dfenma\u00dfe: BxTxH 450 x 425 x 140 mm<br \/>\nGewicht: 4,4 kg<\/p>\n","protected":false},"excerpt":{"rendered":"<p>Koffer Case f\u00fcr 10 Motorola MC 65 Handscanner mit gefr\u00e4stem Inlay aus 7 mm Birkenmultiplex Farbe Phenol gefr\u00e4stes Schaumstoffinlay im<\/p>\n","protected":false},"featured_media":25274,"template":"","meta":{"_acf_changed":false},"product_brand":[],"product_cat":[13504],"product_tag":[],"class_list":{"0":"post-53008","1":"product","2":"type-product","3":"status-publish","4":"has-post-thumbnail","6":"product_cat-koffer-cases","8":"first","9":"instock","10":"taxable","11":"shipping-taxable","12":"purchasable","13":"product-type-simple"},"acf":[],"_links":{"self":[{"href":"https:\/\/megacase.com\/de\/wp-json\/wp\/v2\/product\/53008","targetHints":{"allow":["GET"]}}],"collection":[{"href":"https:\/\/megacase.com\/de\/wp-json\/wp\/v2\/product"}],"about":[{"href":"https:\/\/megacase.com\/de\/wp-json\/wp\/v2\/types\/product"}],"wp:featuredmedia":[{"embeddable":true,"href":"https:\/\/megacase.com\/de\/wp-json\/wp\/v2\/media\/25274"}],"wp:attachment":[{"href":"https:\/\/megacase.com\/de\/wp-json\/wp\/v2\/media?parent=53008"}],"wp:term":[{"taxonomy":"product_brand","embeddable":true,"href":"https:\/\/megacase.com\/de\/wp-json\/wp\/v2\/product_brand?post=53008"},{"taxonomy":"product_cat","embeddable":true,"href":"https:\/\/megacase.com\/de\/wp-json\/wp\/v2\/product_cat?post=53008"},{"taxonomy":"product_tag","embeddable":true,"href":"https:\/\/megacase.com\/de\/wp-json\/wp\/v2\/product_tag?post=53008"}],"curies":[{"name":"wp","href":"https:\/\/api.w.org\/{rel}","templated":true}]}}