{"id":53001,"date":"2014-12-10T00:00:00","date_gmt":"2014-12-09T23:00:00","guid":{"rendered":"https:\/\/mcx.sunlab.eu\/product\/controllercase-ni-kontrol-s-8cdj-350-mit-laptopschlitten\/"},"modified":"2026-03-25T14:51:11","modified_gmt":"2026-03-25T13:51:11","slug":"controllercase-ni-kontrol-s-8cdj-350-mit-laptopschlitten","status":"publish","type":"product","link":"https:\/\/megacase.com\/de\/produkt\/controllercase-ni-kontrol-s-8cdj-350-mit-laptopschlitten\/","title":{"rendered":"Controllercase NI Kontrol S-8+CDJ-350 mit Laptopschlitten"},"content":{"rendered":"<p>Winkel Controllercase mit einem Laptopschlitten, (leicht schr\u00e4g zur besseren Bedienung  f\u00fcr ein CDJ-350 links und ein NI Kontrol S-8 rechts,<br \/>\nGer\u00e4te k\u00f6nnen im Case bedient werden  Schaumstoffpolsterung nach Ma\u00df 1 bis 3 cm im Unterteil  Schaumstoffbl\u00f6cke im Deckel  Fachunterteilung und Kabelkanal,<br \/>\n7mm Birkenmultiplex,<br \/>\n22 x 22 mm Alukante,<br \/>\n4 gefederte Butterfly-Verschl\u00fcsse,<br \/>\n3 Klappgriffe,<br \/>\nStahlkugelecken,<br \/>\nhergestellt in Deutschland,<br \/>\nAu\u00dfenma\u00dfe: BxTxH 975x520x200 mm,<br \/>\nGewicht: 15,6 kg<\/p>\n","protected":false},"excerpt":{"rendered":"<p>Winkel Controllercase mit einem Laptopschlitten, (leicht schr\u00e4g zur besseren Bedienung f\u00fcr ein CDJ-350 links und ein NI Kontrol S-8 rechts,<\/p>\n","protected":false},"featured_media":25293,"template":"","meta":{"_acf_changed":false},"product_brand":[],"product_cat":[13494],"product_tag":[],"class_list":{"0":"post-53001","1":"product","2":"type-product","3":"status-publish","4":"has-post-thumbnail","6":"product_cat-custom-cases","8":"first","9":"instock","10":"taxable","11":"shipping-taxable","12":"purchasable","13":"product-type-simple"},"acf":[],"_links":{"self":[{"href":"https:\/\/megacase.com\/de\/wp-json\/wp\/v2\/product\/53001","targetHints":{"allow":["GET"]}}],"collection":[{"href":"https:\/\/megacase.com\/de\/wp-json\/wp\/v2\/product"}],"about":[{"href":"https:\/\/megacase.com\/de\/wp-json\/wp\/v2\/types\/product"}],"wp:featuredmedia":[{"embeddable":true,"href":"https:\/\/megacase.com\/de\/wp-json\/wp\/v2\/media\/25293"}],"wp:attachment":[{"href":"https:\/\/megacase.com\/de\/wp-json\/wp\/v2\/media?parent=53001"}],"wp:term":[{"taxonomy":"product_brand","embeddable":true,"href":"https:\/\/megacase.com\/de\/wp-json\/wp\/v2\/product_brand?post=53001"},{"taxonomy":"product_cat","embeddable":true,"href":"https:\/\/megacase.com\/de\/wp-json\/wp\/v2\/product_cat?post=53001"},{"taxonomy":"product_tag","embeddable":true,"href":"https:\/\/megacase.com\/de\/wp-json\/wp\/v2\/product_tag?post=53001"}],"curies":[{"name":"wp","href":"https:\/\/api.w.org\/{rel}","templated":true}]}}