{"id":52995,"date":"2014-12-04T00:00:00","date_gmt":"2014-12-03T23:00:00","guid":{"rendered":"https:\/\/mcx.sunlab.eu\/product\/koffer-fuer-blassinstrumente-mit-flachen-ecken\/"},"modified":"2026-03-25T14:51:13","modified_gmt":"2026-03-25T13:51:13","slug":"koffer-fuer-blassinstrumente-mit-flachen-ecken","status":"publish","type":"product","link":"https:\/\/megacase.com\/de\/produkt\/koffer-fuer-blassinstrumente-mit-flachen-ecken\/","title":{"rendered":"Koffer f\u00fcr Blasinstrumente mit flachen Ecken"},"content":{"rendered":"<p>Koffer Flightcase f\u00fcr ein Blasinstrument  Schaumstoffplatten k\u00f6nnen individuell angepasst werden<br \/>\naus 7 mm Hohlkammerplatte schwarz<br \/>\nInnenma\u00dfe: 85x35x17cm (inkl. Deckel)<br \/>\n2 x Butterfly-Verschluss<br \/>\n1 x Klappgriff<br \/>\nflache Ecken<br \/>\n5 cm Schaumstoff im Deckel (Noppenschaumstoff)<br \/>\n4 x 3cm Schaumstoffplatten im Unterteil<br \/>\nHergestellt in Deutschland<br \/>\nAu\u00dfenma\u00dfe: BxTxH 895x395x215mm<br \/>\nGewicht: 7,8 kg<\/p>\n","protected":false},"excerpt":{"rendered":"<p>Koffer Flightcase f\u00fcr ein Blasinstrument Schaumstoffplatten k\u00f6nnen individuell angepasst werden aus 7 mm Hohlkammerplatte schwarz Innenma\u00dfe: 85x35x17cm (inkl. Deckel) 2<\/p>\n","protected":false},"featured_media":25309,"template":"","meta":{"_acf_changed":false},"product_brand":[],"product_cat":[13508],"product_tag":[],"class_list":{"0":"post-52995","1":"product","2":"type-product","3":"status-publish","4":"has-post-thumbnail","6":"product_cat-universal-flightcases","8":"first","9":"instock","10":"taxable","11":"shipping-taxable","12":"purchasable","13":"product-type-simple"},"acf":[],"_links":{"self":[{"href":"https:\/\/megacase.com\/de\/wp-json\/wp\/v2\/product\/52995","targetHints":{"allow":["GET"]}}],"collection":[{"href":"https:\/\/megacase.com\/de\/wp-json\/wp\/v2\/product"}],"about":[{"href":"https:\/\/megacase.com\/de\/wp-json\/wp\/v2\/types\/product"}],"wp:featuredmedia":[{"embeddable":true,"href":"https:\/\/megacase.com\/de\/wp-json\/wp\/v2\/media\/25309"}],"wp:attachment":[{"href":"https:\/\/megacase.com\/de\/wp-json\/wp\/v2\/media?parent=52995"}],"wp:term":[{"taxonomy":"product_brand","embeddable":true,"href":"https:\/\/megacase.com\/de\/wp-json\/wp\/v2\/product_brand?post=52995"},{"taxonomy":"product_cat","embeddable":true,"href":"https:\/\/megacase.com\/de\/wp-json\/wp\/v2\/product_cat?post=52995"},{"taxonomy":"product_tag","embeddable":true,"href":"https:\/\/megacase.com\/de\/wp-json\/wp\/v2\/product_tag?post=52995"}],"curies":[{"name":"wp","href":"https:\/\/api.w.org\/{rel}","templated":true}]}}