{"id":52992,"date":"2014-12-01T00:00:00","date_gmt":"2014-11-30T23:00:00","guid":{"rendered":"https:\/\/mcx.sunlab.eu\/product\/koffer-eco-mit-gefraesstem-inlay-fuer-antennen\/"},"modified":"2026-03-25T14:51:15","modified_gmt":"2026-03-25T13:51:15","slug":"koffer-eco-mit-gefraesstem-inlay-fuer-antennen","status":"publish","type":"product","link":"https:\/\/megacase.com\/de\/produkt\/koffer-eco-mit-gefraesstem-inlay-fuer-antennen\/","title":{"rendered":"Koffer Eco mit gefr\u00e4\u00dftem Inlay f\u00fcr Antennen"},"content":{"rendered":"<p>Koffer Eco mit gefr\u00e4\u00dftem Inlay f\u00fcr Antennen<br \/>\n7mm Birkenmultiplex phenolharzbeschichtet,<br \/>\n2x Schnapp-Verschluss,<br \/>\n1x Riemengriff,<br \/>\nSchaumstoffinlay,<br \/>\nSchaumstoffpolsterung im Deckel<br \/>\nStahlkugelecken,<br \/>\nHergestellt in Deutschland<br \/>\nAu\u00dfenma\u00df: BxTxH 625x530x125 mm<br \/>\nGewicht: 6,1 kg<\/p>\n","protected":false},"excerpt":{"rendered":"<p>Koffer Eco mit gefr\u00e4\u00dftem Inlay f\u00fcr Antennen 7mm Birkenmultiplex phenolharzbeschichtet, 2x Schnapp-Verschluss, 1x Riemengriff, Schaumstoffinlay, Schaumstoffpolsterung im Deckel Stahlkugelecken, Hergestellt<\/p>\n","protected":false},"featured_media":25317,"template":"","meta":{"_acf_changed":false},"product_brand":[],"product_cat":[13504],"product_tag":[],"class_list":{"0":"post-52992","1":"product","2":"type-product","3":"status-publish","4":"has-post-thumbnail","6":"product_cat-koffer-cases","8":"first","9":"instock","10":"taxable","11":"shipping-taxable","12":"purchasable","13":"product-type-simple"},"acf":[],"_links":{"self":[{"href":"https:\/\/megacase.com\/de\/wp-json\/wp\/v2\/product\/52992","targetHints":{"allow":["GET"]}}],"collection":[{"href":"https:\/\/megacase.com\/de\/wp-json\/wp\/v2\/product"}],"about":[{"href":"https:\/\/megacase.com\/de\/wp-json\/wp\/v2\/types\/product"}],"wp:featuredmedia":[{"embeddable":true,"href":"https:\/\/megacase.com\/de\/wp-json\/wp\/v2\/media\/25317"}],"wp:attachment":[{"href":"https:\/\/megacase.com\/de\/wp-json\/wp\/v2\/media?parent=52992"}],"wp:term":[{"taxonomy":"product_brand","embeddable":true,"href":"https:\/\/megacase.com\/de\/wp-json\/wp\/v2\/product_brand?post=52992"},{"taxonomy":"product_cat","embeddable":true,"href":"https:\/\/megacase.com\/de\/wp-json\/wp\/v2\/product_cat?post=52992"},{"taxonomy":"product_tag","embeddable":true,"href":"https:\/\/megacase.com\/de\/wp-json\/wp\/v2\/product_tag?post=52992"}],"curies":[{"name":"wp","href":"https:\/\/api.w.org\/{rel}","templated":true}]}}