{"id":52982,"date":"2014-11-27T00:00:00","date_gmt":"2014-11-26T23:00:00","guid":{"rendered":"https:\/\/mcx.sunlab.eu\/product\/kofferflightcase-eco-fuer-apple-laptop-nachtblau\/"},"modified":"2026-03-25T14:51:15","modified_gmt":"2026-03-25T13:51:15","slug":"kofferflightcase-eco-fuer-apple-laptop-nachtblau","status":"publish","type":"product","link":"https:\/\/megacase.com\/de\/produkt\/kofferflightcase-eco-fuer-apple-laptop-nachtblau\/","title":{"rendered":"Kofferflightcase Eco f\u00fcr Apple Laptop nachtblau"},"content":{"rendered":"<p>Kofferflightcase eco f\u00fcr Apple Laptop 360x250x20mm BxTxH   mit 10 cm Zubeh\u00f6rfach rechts mit 1cm Schaumstoffpolsterung<br \/>\n7 mm Birkenmultiplex nachtblau<br \/>\n2 x Butterfly-Verschluss mini<br \/>\n1 x Koffergriff<br \/>\nSchaumstoffpolsterung im Unter-u. Oberteil<br \/>\nStahlkugelecken<br \/>\nHergestellt in Deutschland<br \/>\nAu\u00dfenma\u00df: BxTxH 575x340x125 mm<br \/>\nGewicht: 4,9 kg<\/p>\n","protected":false},"excerpt":{"rendered":"<p>Kofferflightcase eco f\u00fcr Apple Laptop 360x250x20mm BxTxH mit 10 cm Zubeh\u00f6rfach rechts mit 1cm Schaumstoffpolsterung 7 mm Birkenmultiplex nachtblau 2<\/p>\n","protected":false},"featured_media":25339,"template":"","meta":{"_acf_changed":false},"product_brand":[],"product_cat":[13504],"product_tag":[14243],"class_list":{"0":"post-52982","1":"product","2":"type-product","3":"status-publish","4":"has-post-thumbnail","6":"product_cat-koffer-cases","7":"product_tag-apple","9":"first","10":"instock","11":"taxable","12":"shipping-taxable","13":"purchasable","14":"product-type-simple"},"acf":[],"_links":{"self":[{"href":"https:\/\/megacase.com\/de\/wp-json\/wp\/v2\/product\/52982","targetHints":{"allow":["GET"]}}],"collection":[{"href":"https:\/\/megacase.com\/de\/wp-json\/wp\/v2\/product"}],"about":[{"href":"https:\/\/megacase.com\/de\/wp-json\/wp\/v2\/types\/product"}],"wp:featuredmedia":[{"embeddable":true,"href":"https:\/\/megacase.com\/de\/wp-json\/wp\/v2\/media\/25339"}],"wp:attachment":[{"href":"https:\/\/megacase.com\/de\/wp-json\/wp\/v2\/media?parent=52982"}],"wp:term":[{"taxonomy":"product_brand","embeddable":true,"href":"https:\/\/megacase.com\/de\/wp-json\/wp\/v2\/product_brand?post=52982"},{"taxonomy":"product_cat","embeddable":true,"href":"https:\/\/megacase.com\/de\/wp-json\/wp\/v2\/product_cat?post=52982"},{"taxonomy":"product_tag","embeddable":true,"href":"https:\/\/megacase.com\/de\/wp-json\/wp\/v2\/product_tag?post=52982"}],"curies":[{"name":"wp","href":"https:\/\/api.w.org\/{rel}","templated":true}]}}