{"id":52981,"date":"2014-11-26T00:00:00","date_gmt":"2014-11-25T23:00:00","guid":{"rendered":"https:\/\/mcx.sunlab.eu\/product\/schutzcase-fuer-elektronische-geraete\/"},"modified":"2026-03-25T14:51:16","modified_gmt":"2026-03-25T13:51:16","slug":"schutzcase-fuer-elektronische-geraete","status":"publish","type":"product","link":"https:\/\/megacase.com\/de\/produkt\/schutzcase-fuer-elektronische-geraete\/","title":{"rendered":"Schutzcase f\u00fcr Elektronische Ger\u00e4te"},"content":{"rendered":"<p>Haubenflightcase Live f\u00fcr Fender Twin 2&#215;12  aus 7 mm Birkenmultiplex   Farbe: Rot<br \/>\n2 x Butterfly-Verschluss<br \/>\n2 x Klappgriff<br \/>\nSchaumstoffpolsterung im Unter- und Oberteil<br \/>\n4 x Rollen Blue wheels (2 mal gebremst)<br \/>\nStahlkugelecken<br \/>\nHergestellt in Deutschland<br \/>\nAu\u00dfenma\u00df: BxTxH 745x395x720 mm<br \/>\nGewicht: 20,7 kg<\/p>\n","protected":false},"excerpt":{"rendered":"<p>Haubenflightcase Live f\u00fcr Fender Twin 2&#215;12 aus 7 mm Birkenmultiplex Farbe: Rot 2 x Butterfly-Verschluss 2 x Klappgriff Schaumstoffpolsterung im<\/p>\n","protected":false},"featured_media":25341,"template":"","meta":{"_acf_changed":false},"product_brand":[],"product_cat":[13499,13507],"product_tag":[],"class_list":{"0":"post-52981","1":"product","2":"type-product","3":"status-publish","4":"has-post-thumbnail","6":"product_cat-amp-cases","7":"product_cat-fender","9":"first","10":"instock","11":"taxable","12":"shipping-taxable","13":"purchasable","14":"product-type-simple"},"acf":[],"_links":{"self":[{"href":"https:\/\/megacase.com\/de\/wp-json\/wp\/v2\/product\/52981","targetHints":{"allow":["GET"]}}],"collection":[{"href":"https:\/\/megacase.com\/de\/wp-json\/wp\/v2\/product"}],"about":[{"href":"https:\/\/megacase.com\/de\/wp-json\/wp\/v2\/types\/product"}],"wp:featuredmedia":[{"embeddable":true,"href":"https:\/\/megacase.com\/de\/wp-json\/wp\/v2\/media\/25341"}],"wp:attachment":[{"href":"https:\/\/megacase.com\/de\/wp-json\/wp\/v2\/media?parent=52981"}],"wp:term":[{"taxonomy":"product_brand","embeddable":true,"href":"https:\/\/megacase.com\/de\/wp-json\/wp\/v2\/product_brand?post=52981"},{"taxonomy":"product_cat","embeddable":true,"href":"https:\/\/megacase.com\/de\/wp-json\/wp\/v2\/product_cat?post=52981"},{"taxonomy":"product_tag","embeddable":true,"href":"https:\/\/megacase.com\/de\/wp-json\/wp\/v2\/product_tag?post=52981"}],"curies":[{"name":"wp","href":"https:\/\/api.w.org\/{rel}","templated":true}]}}