{"id":52980,"date":"2014-11-25T00:00:00","date_gmt":"2014-11-24T23:00:00","guid":{"rendered":"https:\/\/mcx.sunlab.eu\/product\/single-door-live-fuer-photobox-sonderpreis\/"},"modified":"2026-03-25T14:51:17","modified_gmt":"2026-03-25T13:51:17","slug":"single-door-live-fuer-photobox-sonderpreis","status":"publish","type":"product","link":"https:\/\/megacase.com\/de\/produkt\/single-door-live-fuer-photobox-sonderpreis\/","title":{"rendered":"Single Door Live f\u00fcr Photobox Sonderpreis"},"content":{"rendered":"<p>Innenma\u00dfe 58 x 54 x 22 cm B x T x H<br \/>\n7mm Birkenmultiplex schwarz<br \/>\n2x Butterfly-Verschluss mit \u00d6se<br \/>\nT\u00fcranschlag links<br \/>\n2x Klappgriff<br \/>\n2cm Schaumstoffpolsterung<br \/>\nStahlkugelecken<br \/>\nHergestellt in Deutschland<br \/>\nAu\u00dfenma\u00dfe: BxTxH  625x665x340 cm<br \/>\nGewicht: 12,2 kg<\/p>\n","protected":false},"excerpt":{"rendered":"<p>Innenma\u00dfe 58 x 54 x 22 cm B x T x H 7mm Birkenmultiplex schwarz 2x Butterfly-Verschluss mit \u00d6se T\u00fcranschlag<\/p>\n","protected":false},"featured_media":92648,"template":"","meta":{"_acf_changed":false},"product_brand":[],"product_cat":[13508],"product_tag":[13624],"class_list":{"0":"post-52980","1":"product","2":"type-product","3":"status-publish","4":"has-post-thumbnail","6":"product_cat-universal-flightcases","7":"product_tag-photobox","9":"first","10":"instock","11":"taxable","12":"shipping-taxable","13":"purchasable","14":"product-type-simple"},"acf":[],"_links":{"self":[{"href":"https:\/\/megacase.com\/de\/wp-json\/wp\/v2\/product\/52980","targetHints":{"allow":["GET"]}}],"collection":[{"href":"https:\/\/megacase.com\/de\/wp-json\/wp\/v2\/product"}],"about":[{"href":"https:\/\/megacase.com\/de\/wp-json\/wp\/v2\/types\/product"}],"wp:featuredmedia":[{"embeddable":true,"href":"https:\/\/megacase.com\/de\/wp-json\/wp\/v2\/media\/92648"}],"wp:attachment":[{"href":"https:\/\/megacase.com\/de\/wp-json\/wp\/v2\/media?parent=52980"}],"wp:term":[{"taxonomy":"product_brand","embeddable":true,"href":"https:\/\/megacase.com\/de\/wp-json\/wp\/v2\/product_brand?post=52980"},{"taxonomy":"product_cat","embeddable":true,"href":"https:\/\/megacase.com\/de\/wp-json\/wp\/v2\/product_cat?post=52980"},{"taxonomy":"product_tag","embeddable":true,"href":"https:\/\/megacase.com\/de\/wp-json\/wp\/v2\/product_tag?post=52980"}],"curies":[{"name":"wp","href":"https:\/\/api.w.org\/{rel}","templated":true}]}}