{"id":52973,"date":"2014-11-21T00:00:00","date_gmt":"2014-11-20T23:00:00","guid":{"rendered":"https:\/\/mcx.sunlab.eu\/product\/haubencase-mit-zubehoerfach-fuer-native-instruments-maschine-mk2\/"},"modified":"2026-03-25T14:51:18","modified_gmt":"2026-03-25T13:51:18","slug":"haubencase-mit-zubehoerfach-fuer-native-instruments-maschine-mk2","status":"publish","type":"product","link":"https:\/\/megacase.com\/de\/produkt\/haubencase-mit-zubehoerfach-fuer-native-instruments-maschine-mk2\/","title":{"rendered":"Haubencase mit Zubeh\u00f6rfach f\u00fcr Native Instruments Maschine Mk2"},"content":{"rendered":"<p>Haubencase f\u00fcr Native Instruments Maschine Mk2  Zubeh\u00f6rfach 10 cm rechts,<br \/>\nim Case spielbar,<br \/>\nPlatz f\u00fcr Kabel hinter dem Ger\u00e4t<br \/>\n7 mm Birkenmultiplex phenolharzbeschichtet<br \/>\n2 x Butterfly-Verschluss mini<br \/>\n1 x Geweberiemengriff<br \/>\nSchaumstoffpolsterung im Unter- u. Oberteil  Stahlkugelecken<br \/>\nHergestellt in Deutschland<br \/>\nAu\u00dfenma\u00dfe: BxTxH 495x440x130 mm  Gewicht: 4,9 kg<\/p>\n","protected":false},"excerpt":{"rendered":"<p>Haubencase f\u00fcr Native Instruments Maschine Mk2 Zubeh\u00f6rfach 10 cm rechts, im Case spielbar, Platz f\u00fcr Kabel hinter dem Ger\u00e4t 7<\/p>\n","protected":false},"featured_media":25357,"template":"","meta":{"_acf_changed":false},"product_brand":[],"product_cat":[13508],"product_tag":[],"class_list":{"0":"post-52973","1":"product","2":"type-product","3":"status-publish","4":"has-post-thumbnail","6":"product_cat-universal-flightcases","8":"first","9":"instock","10":"taxable","11":"shipping-taxable","12":"purchasable","13":"product-type-simple"},"acf":[],"_links":{"self":[{"href":"https:\/\/megacase.com\/de\/wp-json\/wp\/v2\/product\/52973","targetHints":{"allow":["GET"]}}],"collection":[{"href":"https:\/\/megacase.com\/de\/wp-json\/wp\/v2\/product"}],"about":[{"href":"https:\/\/megacase.com\/de\/wp-json\/wp\/v2\/types\/product"}],"wp:featuredmedia":[{"embeddable":true,"href":"https:\/\/megacase.com\/de\/wp-json\/wp\/v2\/media\/25357"}],"wp:attachment":[{"href":"https:\/\/megacase.com\/de\/wp-json\/wp\/v2\/media?parent=52973"}],"wp:term":[{"taxonomy":"product_brand","embeddable":true,"href":"https:\/\/megacase.com\/de\/wp-json\/wp\/v2\/product_brand?post=52973"},{"taxonomy":"product_cat","embeddable":true,"href":"https:\/\/megacase.com\/de\/wp-json\/wp\/v2\/product_cat?post=52973"},{"taxonomy":"product_tag","embeddable":true,"href":"https:\/\/megacase.com\/de\/wp-json\/wp\/v2\/product_tag?post=52973"}],"curies":[{"name":"wp","href":"https:\/\/api.w.org\/{rel}","templated":true}]}}