{"id":52972,"date":"2014-11-21T00:00:00","date_gmt":"2014-11-20T23:00:00","guid":{"rendered":"https:\/\/mcx.sunlab.eu\/product\/haubencase-mit-zubehoerfach-rechts-fuer-alesis-mastercontrol\/"},"modified":"2026-03-25T14:51:18","modified_gmt":"2026-03-25T13:51:18","slug":"haubencase-mit-zubehoerfach-rechts-fuer-alesis-mastercontrol","status":"publish","type":"product","link":"https:\/\/megacase.com\/de\/produkt\/haubencase-mit-zubehoerfach-rechts-fuer-alesis-mastercontrol\/","title":{"rendered":"Haubencase mit Zubeh\u00f6rfach rechts f\u00fcr ALESIS MASTERCONTROL"},"content":{"rendered":"<p>Haubencase f\u00fcr Alessis MASTERCONTROL   mit Zubeh\u00f6rfach 10 cm rechts,   im Case spielbar,   Platz f\u00fcr Kabel hinter dem Ger\u00e4t<br \/>\n7 mm Birkenmultiplex phenolharzbeschichtet<br \/>\n2 x Butterfly-Verschluss mini<br \/>\n1 x Riemengriff<br \/>\nSchaumstoffpolsterung im Unterteil-u. Oberteil<br \/>\nStahlkugelecken<br \/>\nHergestellt in Deutschland<br \/>\nAu\u00dfenma\u00dfe: BxHxT 670x510x145 mm<br \/>\nGewicht: 7,1 kg<\/p>\n","protected":false},"excerpt":{"rendered":"<p>Haubencase f\u00fcr Alessis MASTERCONTROL mit Zubeh\u00f6rfach 10 cm rechts, im Case spielbar, Platz f\u00fcr Kabel hinter dem Ger\u00e4t 7 mm<\/p>\n","protected":false},"featured_media":25359,"template":"","meta":{"_acf_changed":false},"product_brand":[],"product_cat":[13508],"product_tag":[],"class_list":{"0":"post-52972","1":"product","2":"type-product","3":"status-publish","4":"has-post-thumbnail","6":"product_cat-universal-flightcases","8":"first","9":"instock","10":"taxable","11":"shipping-taxable","12":"purchasable","13":"product-type-simple"},"acf":[],"_links":{"self":[{"href":"https:\/\/megacase.com\/de\/wp-json\/wp\/v2\/product\/52972","targetHints":{"allow":["GET"]}}],"collection":[{"href":"https:\/\/megacase.com\/de\/wp-json\/wp\/v2\/product"}],"about":[{"href":"https:\/\/megacase.com\/de\/wp-json\/wp\/v2\/types\/product"}],"wp:featuredmedia":[{"embeddable":true,"href":"https:\/\/megacase.com\/de\/wp-json\/wp\/v2\/media\/25359"}],"wp:attachment":[{"href":"https:\/\/megacase.com\/de\/wp-json\/wp\/v2\/media?parent=52972"}],"wp:term":[{"taxonomy":"product_brand","embeddable":true,"href":"https:\/\/megacase.com\/de\/wp-json\/wp\/v2\/product_brand?post=52972"},{"taxonomy":"product_cat","embeddable":true,"href":"https:\/\/megacase.com\/de\/wp-json\/wp\/v2\/product_cat?post=52972"},{"taxonomy":"product_tag","embeddable":true,"href":"https:\/\/megacase.com\/de\/wp-json\/wp\/v2\/product_tag?post=52972"}],"curies":[{"name":"wp","href":"https:\/\/api.w.org\/{rel}","templated":true}]}}