{"id":52958,"date":"2014-11-11T00:00:00","date_gmt":"2014-11-10T23:00:00","guid":{"rendered":"https:\/\/mcx.sunlab.eu\/product\/kofferflightcase-mit-inlay-fuer-5x-ipadair2-mit-10cm-zubehoerfach\/"},"modified":"2026-03-25T14:51:22","modified_gmt":"2026-03-25T13:51:22","slug":"kofferflightcase-mit-inlay-fuer-5x-ipadair2-mit-10cm-zubehoerfach","status":"publish","type":"product","link":"https:\/\/megacase.com\/de\/produkt\/kofferflightcase-mit-inlay-fuer-5x-ipadair2-mit-10cm-zubehoerfach\/","title":{"rendered":"Kofferflightcase mit Inlay f\u00fcr 5x ipadAir2 mit 10cm Zubeh\u00f6rfach"},"content":{"rendered":"<p>7mm Birkenmultiplex blau beschichtet<br \/>\n2x Schnapp-Verschluss<br \/>\n1x Geweberiemengriff<br \/>\nInlay f\u00fcr 5 ipad Air 2<br \/>\nZubeh\u00f6rfach 10cm f\u00fcr Stromversorgung<br \/>\nEinbauschale mit Kaltger\u00e4tebuchse<br \/>\nStahlkugelecken<br \/>\nHergestellt in Deutschland<\/p>\n","protected":false},"excerpt":{"rendered":"<p>7mm Birkenmultiplex blau beschichtet 2x Schnapp-Verschluss 1x Geweberiemengriff Inlay f\u00fcr 5 ipad Air 2 Zubeh\u00f6rfach 10cm f\u00fcr Stromversorgung Einbauschale mit<\/p>\n","protected":false},"featured_media":92628,"template":"","meta":{"_acf_changed":false},"product_brand":[],"product_cat":[13508],"product_tag":[],"class_list":{"0":"post-52958","1":"product","2":"type-product","3":"status-publish","4":"has-post-thumbnail","6":"product_cat-universal-flightcases","8":"first","9":"instock","10":"taxable","11":"shipping-taxable","12":"purchasable","13":"product-type-simple"},"acf":[],"_links":{"self":[{"href":"https:\/\/megacase.com\/de\/wp-json\/wp\/v2\/product\/52958","targetHints":{"allow":["GET"]}}],"collection":[{"href":"https:\/\/megacase.com\/de\/wp-json\/wp\/v2\/product"}],"about":[{"href":"https:\/\/megacase.com\/de\/wp-json\/wp\/v2\/types\/product"}],"wp:featuredmedia":[{"embeddable":true,"href":"https:\/\/megacase.com\/de\/wp-json\/wp\/v2\/media\/92628"}],"wp:attachment":[{"href":"https:\/\/megacase.com\/de\/wp-json\/wp\/v2\/media?parent=52958"}],"wp:term":[{"taxonomy":"product_brand","embeddable":true,"href":"https:\/\/megacase.com\/de\/wp-json\/wp\/v2\/product_brand?post=52958"},{"taxonomy":"product_cat","embeddable":true,"href":"https:\/\/megacase.com\/de\/wp-json\/wp\/v2\/product_cat?post=52958"},{"taxonomy":"product_tag","embeddable":true,"href":"https:\/\/megacase.com\/de\/wp-json\/wp\/v2\/product_tag?post=52958"}],"curies":[{"name":"wp","href":"https:\/\/api.w.org\/{rel}","templated":true}]}}