{"id":52948,"date":"2014-10-31T00:00:00","date_gmt":"2014-10-30T23:00:00","guid":{"rendered":"https:\/\/mcx.sunlab.eu\/product\/transportcase-pvc-apple-imac-27-modell-ab-2012\/"},"modified":"2026-03-25T14:51:24","modified_gmt":"2026-03-25T13:51:24","slug":"transportcase-pvc-apple-imac-27-modell-ab-2012","status":"publish","type":"product","link":"https:\/\/megacase.com\/de\/produkt\/transportcase-pvc-apple-imac-27-modell-ab-2012\/","title":{"rendered":"Transportcase PVC Apple iMac 27&#8243; Modell ab 2012"},"content":{"rendered":"<p>ma\u00dfgefertigtes Transportcase f\u00fcr Apple iMac 27&#8243; Computer (Modell 2012)<br \/>\naus 7mm PP Hohlkammerplatte<br \/>\nohne F\u00e4cher f\u00fcr Tastatur und Maus<br \/>\n25 x 25mm Alukante<br \/>\nSchaumstoffpolsterung<br \/>\n2 x gefederte Butterfly-Verschl\u00fcsse medium<br \/>\n3 x Klappgriff<br \/>\nStahlkugelecken<br \/>\nhergestellt in Deutschland<br \/>\nAu\u00dfenma\u00dfe: BxTxH 630x270x600 mm,<br \/>\nGewicht: 9,4 kg !!!<br \/>\nDie Abbildung zeigt das Case in Birkenmultiplex<\/p>\n","protected":false},"excerpt":{"rendered":"<p>ma\u00dfgefertigtes Transportcase f\u00fcr Apple iMac 27&#8243; Computer (Modell 2012) aus 7mm PP Hohlkammerplatte ohne F\u00e4cher f\u00fcr Tastatur und Maus 25<\/p>\n","protected":false},"featured_media":25410,"template":"","meta":{"_acf_changed":false},"product_brand":[],"product_cat":[13502],"product_tag":[14243],"class_list":{"0":"post-52948","1":"product","2":"type-product","3":"status-publish","4":"has-post-thumbnail","6":"product_cat-apple-cases","7":"product_tag-apple","9":"first","10":"instock","11":"taxable","12":"shipping-taxable","13":"purchasable","14":"product-type-simple"},"acf":[],"_links":{"self":[{"href":"https:\/\/megacase.com\/de\/wp-json\/wp\/v2\/product\/52948","targetHints":{"allow":["GET"]}}],"collection":[{"href":"https:\/\/megacase.com\/de\/wp-json\/wp\/v2\/product"}],"about":[{"href":"https:\/\/megacase.com\/de\/wp-json\/wp\/v2\/types\/product"}],"wp:featuredmedia":[{"embeddable":true,"href":"https:\/\/megacase.com\/de\/wp-json\/wp\/v2\/media\/25410"}],"wp:attachment":[{"href":"https:\/\/megacase.com\/de\/wp-json\/wp\/v2\/media?parent=52948"}],"wp:term":[{"taxonomy":"product_brand","embeddable":true,"href":"https:\/\/megacase.com\/de\/wp-json\/wp\/v2\/product_brand?post=52948"},{"taxonomy":"product_cat","embeddable":true,"href":"https:\/\/megacase.com\/de\/wp-json\/wp\/v2\/product_cat?post=52948"},{"taxonomy":"product_tag","embeddable":true,"href":"https:\/\/megacase.com\/de\/wp-json\/wp\/v2\/product_tag?post=52948"}],"curies":[{"name":"wp","href":"https:\/\/api.w.org\/{rel}","templated":true}]}}