{"id":52941,"date":"2014-10-17T00:00:00","date_gmt":"2014-10-16T22:00:00","guid":{"rendered":"https:\/\/mcx.sunlab.eu\/product\/truhencase-weiss-deckel-abnehmbar-1100x300x300\/"},"modified":"2026-03-25T14:51:27","modified_gmt":"2026-03-25T13:51:27","slug":"truhencase-weiss-deckel-abnehmbar-1100x300x300","status":"publish","type":"product","link":"https:\/\/megacase.com\/de\/produkt\/truhencase-weiss-deckel-abnehmbar-1100x300x300\/","title":{"rendered":"Truhencase 1100x300x300"},"content":{"rendered":"<p>Truhencase in wei\u00df mit einem abnehmbaren<br \/>\nDeckel und den Innenma\u00dfen von 1100x300x300 mm BxTxH;<br \/>\n7mm Birkenmultiplex beschichtet<br \/>\nFarbe: wei\u00df<br \/>\n30&#215;30 mm Alukante,<br \/>\n4 gefederte Butterfly-Verschl\u00fcsse mittel<br \/>\n2 Klappgriffe mittel<br \/>\n8 Stahlkugelecken mittel<br \/>\nhergestellt in Deutschland,<br \/>\nAu\u00dfenma\u00dfe: BxTxH: 1145x345x343 mm,<br \/>\nGewicht: 12 kg<\/p>\n","protected":false},"excerpt":{"rendered":"<p>Truhencase in wei\u00df mit einem abnehmbaren Deckel und den Innenma\u00dfen von 1100x300x300 mm BxTxH; 7mm Birkenmultiplex beschichtet Farbe: wei\u00df 30&#215;30<\/p>\n","protected":false},"featured_media":189192,"template":"","meta":{"_acf_changed":false},"product_brand":[],"product_cat":[13509],"product_tag":[],"class_list":{"0":"post-52941","1":"product","2":"type-product","3":"status-publish","4":"has-post-thumbnail","6":"product_cat-truhen-cases","8":"first","9":"instock","10":"taxable","11":"shipping-taxable","12":"purchasable","13":"product-type-simple"},"acf":[],"_links":{"self":[{"href":"https:\/\/megacase.com\/de\/wp-json\/wp\/v2\/product\/52941","targetHints":{"allow":["GET"]}}],"collection":[{"href":"https:\/\/megacase.com\/de\/wp-json\/wp\/v2\/product"}],"about":[{"href":"https:\/\/megacase.com\/de\/wp-json\/wp\/v2\/types\/product"}],"wp:featuredmedia":[{"embeddable":true,"href":"https:\/\/megacase.com\/de\/wp-json\/wp\/v2\/media\/189192"}],"wp:attachment":[{"href":"https:\/\/megacase.com\/de\/wp-json\/wp\/v2\/media?parent=52941"}],"wp:term":[{"taxonomy":"product_brand","embeddable":true,"href":"https:\/\/megacase.com\/de\/wp-json\/wp\/v2\/product_brand?post=52941"},{"taxonomy":"product_cat","embeddable":true,"href":"https:\/\/megacase.com\/de\/wp-json\/wp\/v2\/product_cat?post=52941"},{"taxonomy":"product_tag","embeddable":true,"href":"https:\/\/megacase.com\/de\/wp-json\/wp\/v2\/product_tag?post=52941"}],"curies":[{"name":"wp","href":"https:\/\/api.w.org\/{rel}","templated":true}]}}