{"id":52920,"date":"2014-09-16T00:00:00","date_gmt":"2014-09-15T22:00:00","guid":{"rendered":"https:\/\/mcx.sunlab.eu\/product\/flightcase-nach-kundenmass\/"},"modified":"2026-03-25T14:54:12","modified_gmt":"2026-03-25T13:54:12","slug":"flightcase-nach-kundenmass","status":"publish","type":"product","link":"https:\/\/megacase.com\/de\/produkt\/flightcase-nach-kundenmass\/","title":{"rendered":"Flightcase nach Kundenma\u00df"},"content":{"rendered":"<p>9mm Birkenmultiplex wei\u00df beschichtet<br \/>\nL\u00e4nge: 51  Breite: 36  H\u00f6he: 26,5 (21,5 von Boden bis Schlie\u00dfprofil Oberkante)<br \/>\n2x Butterfly-Verschluss<br \/>\n2x Klappgriff<br \/>\nStahlkugelecken<br \/>\nHergestellt in Deutschland<\/p>\n","protected":false},"excerpt":{"rendered":"<p>9mm Birkenmultiplex wei\u00df beschichtet L\u00e4nge: 51 Breite: 36 H\u00f6he: 26,5 (21,5 von Boden bis Schlie\u00dfprofil Oberkante) 2x Butterfly-Verschluss 2x Klappgriff<\/p>\n","protected":false},"featured_media":25488,"template":"","meta":{"_acf_changed":false},"product_brand":[],"product_cat":[13508],"product_tag":[],"class_list":{"0":"post-52920","1":"product","2":"type-product","3":"status-publish","4":"has-post-thumbnail","6":"product_cat-universal-flightcases","8":"first","9":"instock","10":"taxable","11":"shipping-taxable","12":"purchasable","13":"product-type-simple"},"acf":[],"_links":{"self":[{"href":"https:\/\/megacase.com\/de\/wp-json\/wp\/v2\/product\/52920","targetHints":{"allow":["GET"]}}],"collection":[{"href":"https:\/\/megacase.com\/de\/wp-json\/wp\/v2\/product"}],"about":[{"href":"https:\/\/megacase.com\/de\/wp-json\/wp\/v2\/types\/product"}],"wp:featuredmedia":[{"embeddable":true,"href":"https:\/\/megacase.com\/de\/wp-json\/wp\/v2\/media\/25488"}],"wp:attachment":[{"href":"https:\/\/megacase.com\/de\/wp-json\/wp\/v2\/media?parent=52920"}],"wp:term":[{"taxonomy":"product_brand","embeddable":true,"href":"https:\/\/megacase.com\/de\/wp-json\/wp\/v2\/product_brand?post=52920"},{"taxonomy":"product_cat","embeddable":true,"href":"https:\/\/megacase.com\/de\/wp-json\/wp\/v2\/product_cat?post=52920"},{"taxonomy":"product_tag","embeddable":true,"href":"https:\/\/megacase.com\/de\/wp-json\/wp\/v2\/product_tag?post=52920"}],"curies":[{"name":"wp","href":"https:\/\/api.w.org\/{rel}","templated":true}]}}