{"id":52919,"date":"2014-09-11T00:00:00","date_gmt":"2014-09-10T22:00:00","guid":{"rendered":"https:\/\/mcx.sunlab.eu\/product\/transportcase-auf-rollen-mit-6-schubkaesten\/"},"modified":"2026-03-25T14:54:13","modified_gmt":"2026-03-25T13:54:13","slug":"transportcase-auf-rollen-mit-6-schubkaesten","status":"publish","type":"product","link":"https:\/\/megacase.com\/de\/produkt\/transportcase-auf-rollen-mit-6-schubkaesten\/","title":{"rendered":"Transportcase auf Rollen f\u00fcr 6 Schubk\u00e4sten"},"content":{"rendered":"<p>Transportcase auf Rollen (2x gebremst) mit 6 K\u00e4sten mit den einzelnen h\u00f6hen von 3x 75mm, 1x 145mm, 2x170mm, Breite und Tiefe f\u00fcr alle K\u00e4sten 600 x 400mm, Kisten werden durch eine Ablage voneinander getrennt und gehalten;<br \/>\n7mm Birkenmultiplex,<br \/>\n30 x 30mm Alukante,<br \/>\nSchaumstoffpolsterung,<br \/>\n4 gefederte Butterfly-Verschl\u00fc\u00dfe,<br \/>\n4 Klappgriffe,<br \/>\nStahlkugelecken,<br \/>\nhergestellt in Deutschland<br \/>\nAu\u00dfenma\u00dfe: BxTxH: 457 x 690 x 980 mm Gewicht: 42,8 kg<br \/>\nDie grauen Zubeh\u00f6rboxen sind &#8222;NICHT&#8220; im Lieferumfang enthalten!!!<\/p>\n","protected":false},"excerpt":{"rendered":"<p>Transportcase auf Rollen (2x gebremst) mit 6 K\u00e4sten mit den einzelnen h\u00f6hen von 3x 75mm, 1x 145mm, 2x170mm, Breite und<\/p>\n","protected":false},"featured_media":25490,"template":"","meta":{"_acf_changed":false},"product_brand":[],"product_cat":[13494],"product_tag":[],"class_list":{"0":"post-52919","1":"product","2":"type-product","3":"status-publish","4":"has-post-thumbnail","6":"product_cat-custom-cases","8":"first","9":"instock","10":"taxable","11":"shipping-taxable","12":"purchasable","13":"product-type-simple"},"acf":[],"_links":{"self":[{"href":"https:\/\/megacase.com\/de\/wp-json\/wp\/v2\/product\/52919","targetHints":{"allow":["GET"]}}],"collection":[{"href":"https:\/\/megacase.com\/de\/wp-json\/wp\/v2\/product"}],"about":[{"href":"https:\/\/megacase.com\/de\/wp-json\/wp\/v2\/types\/product"}],"wp:featuredmedia":[{"embeddable":true,"href":"https:\/\/megacase.com\/de\/wp-json\/wp\/v2\/media\/25490"}],"wp:attachment":[{"href":"https:\/\/megacase.com\/de\/wp-json\/wp\/v2\/media?parent=52919"}],"wp:term":[{"taxonomy":"product_brand","embeddable":true,"href":"https:\/\/megacase.com\/de\/wp-json\/wp\/v2\/product_brand?post=52919"},{"taxonomy":"product_cat","embeddable":true,"href":"https:\/\/megacase.com\/de\/wp-json\/wp\/v2\/product_cat?post=52919"},{"taxonomy":"product_tag","embeddable":true,"href":"https:\/\/megacase.com\/de\/wp-json\/wp\/v2\/product_tag?post=52919"}],"curies":[{"name":"wp","href":"https:\/\/api.w.org\/{rel}","templated":true}]}}